{"id":112,"date":"2011-02-22T09:47:50","date_gmt":"2011-02-22T09:47:50","guid":{"rendered":"http:\/\/www.maritimtkompani.no\/"},"modified":"2017-03-08T16:13:00","modified_gmt":"2017-03-08T16:13:00","slug":"elektronikk","status":"publish","type":"page","link":"http:\/\/www.maritimtkompani.no\/wordpress\/produktgrupper\/elektronikk\/","title":{"rendered":"Elektronikk"},"content":{"rendered":"<p style=\"text-align: left;\">[vc_gallery type=&raquo;flexslider_fade&raquo; interval=&raquo;3&#8243; onclick=&raquo;link_image&raquo; img_size=&raquo;full&raquo; images=&raquo;2550,2555&#8243; custom_links_target=&raquo;_self&raquo; width=&raquo;1\/1&#8243; el_position=&raquo;first last&raquo;] [vc_column_text width=&raquo;1\/1&#8243; el_position=&raquo;first last&raquo;]<\/p>\n<p style=\"text-align: left;\">Vi selger elektronikk og installerer fra de mest kjente leverand\u00f8rene til seilb\u00e5t.<\/p>\n<p style=\"text-align: left;\">Sp\u00f8r oss om et godt pakketilbud p\u00e5 utstyr og installasjon med brukerveiledning.<\/p>\n<table class=\" aligncenter\" style=\"height: 711px;\" border=\"0\" width=\"891\" cellspacing=\"20\" cellpadding=\"20\">\n<tbody>\n<tr>\n<td><img loading=\"lazy\" class=\"wp-image-2669 size-full aligncenter\" src=\"http:\/\/www.maritimtkompani.no\/wordpress\/wp-content\/uploads\/2011\/02\/raymarine500X685-e1488988277667.jpg\" alt=\"\" width=\"242\" height=\"330\" \/><\/td>\n<td><img loading=\"lazy\" class=\"wp-image-2668 size-full aligncenter\" src=\"http:\/\/www.maritimtkompani.no\/wordpress\/wp-content\/uploads\/2011\/02\/BG-pdf-pront-e1488988333694.gif\" alt=\"\" width=\"237\" height=\"323\" \/><\/td>\n<td><img loading=\"lazy\" class=\"aligncenter wp-image-2666 size-full\" src=\"http:\/\/www.maritimtkompani.no\/wordpress\/wp-content\/uploads\/2011\/02\/Lowrance-e1488988395556.jpg\" alt=\"\" width=\"242\" height=\"330\" \/><\/td>\n<td><img loading=\"lazy\" class=\"wp-image-2676 size-full aligncenter\" src=\"http:\/\/www.maritimtkompani.no\/wordpress\/wp-content\/uploads\/2011\/02\/Kart-e1488988435159.jpg\" alt=\"\" width=\"242\" height=\"330\" \/><\/td>\n<\/tr>\n<tr>\n<td>\n<ul>\n<li><a href=\"http:\/\/www.raymarine.no\/\" target=\"_blank\">Raymarine nettside<\/a><\/li>\n<li><a href=\"http:\/\/pdf.nauticexpo.com\/pdf\/raymarine-21527.html\" target=\"_blank\">Kataloger<\/a><\/li>\n<li><a href=\"http:\/\/www.raymarine.no\/display\/?id=10125\" target=\"_blank\">Manualer <\/a><\/li>\n<\/ul>\n<\/td>\n<td>\n<ul>\n<li><a href=\"http:\/\/navico.com\/our-brands\/bg\/\" target=\"_blank\">B&amp;G nettside<\/a><\/li>\n<li><a href=\"https:\/\/manuals.bg.navico.us.mrzen.net\/catalogues\/2017\/Swedish_spreads_version_of_the_B_G_2017_Catalogue_12-16__EMEA_17293.pdf\" target=\"_blank\">Katalog <\/a><\/li>\n<li><a href=\"http:\/\/pdf.nauticexpo.com\/pdf\/b-g-21524.html\">Manualer<\/a><\/li>\n<\/ul>\n<\/td>\n<td>\n<ul>\n<li><a href=\"http:\/\/www.lowrance.com\/nb-NO\/\" target=\"_blank\">Lowrance nettside<\/a><\/li>\n<li><a href=\"http:\/\/pdf.nauticexpo.com\/pdf\/lowrance\/2016-catalogue\/21793-93311.html\" target=\"_blank\">Katalog<\/a><\/li>\n<li><a href=\"http:\/\/www.lowrance.com\/nb-NO\/Kundestotte\/Produkthandboker\/\" target=\"_blank\">Manualer <\/a><\/li>\n<\/ul>\n<\/td>\n<td>\n<ul>\n<li><a href=\"http:\/\/lightmarine.c-map.com\/\" target=\"_blank\">C-map nettside<\/a><\/li>\n<li><a href=\"http:\/\/www.navionics.com\/en\/no-campaign\" target=\"_blank\">navionix nettside<\/a><\/li>\n<\/ul>\n<\/td>\n<\/tr>\n<tr>\n<td><\/td>\n<td><\/td>\n<td><\/td>\n<td><\/td>\n<\/tr>\n<tr>\n<td><\/td>\n<td><\/td>\n<td><\/td>\n<td><\/td>\n<\/tr>\n<tr>\n<td><\/td>\n<td><\/td>\n<td><\/td>\n<td><\/td>\n<\/tr>\n<\/tbody>\n<\/table>\n<p style=\"text-align: left;\">[\/vc_column_text]<\/p>\n","protected":false},"excerpt":{"rendered":"<p>[vc_gallery type=&raquo;flexslider_fade&raquo; interval=&raquo;3&#8243; onclick=&raquo;link_image&raquo; img_size=&raquo;full&raquo; images=&raquo;2550,2555&#8243; custom_links_target=&raquo;_self&raquo; width=&raquo;1\/1&#8243; el_position=&raquo;first last&raquo;] [vc_column_text width=&raquo;1\/1&#8243; el_position=&raquo;first last&raquo;] Vi selger elektronikk og installerer fra de mest kjente leverand\u00f8rene til seilb\u00e5t. Sp\u00f8r oss om et godt pakketilbud p\u00e5 utstyr og installasjon med brukerveiledning. Raymarine nettside Kataloger Manualer B&amp;G nettside Katalog Manualer Lowrance nettside Katalog Manualer C-map nettside navionix nettside [\/vc_column_text]<\/p>\n","protected":false},"author":1,"featured_media":0,"parent":15,"menu_order":5,"comment_status":"closed","ping_status":"open","template":"","meta":{"_monsterinsights_skip_tracking":false,"_monsterinsights_sitenote_active":false,"_monsterinsights_sitenote_note":"","_monsterinsights_sitenote_category":0},"_links":{"self":[{"href":"http:\/\/www.maritimtkompani.no\/wordpress\/wp-json\/wp\/v2\/pages\/112"}],"collection":[{"href":"http:\/\/www.maritimtkompani.no\/wordpress\/wp-json\/wp\/v2\/pages"}],"about":[{"href":"http:\/\/www.maritimtkompani.no\/wordpress\/wp-json\/wp\/v2\/types\/page"}],"author":[{"embeddable":true,"href":"http:\/\/www.maritimtkompani.no\/wordpress\/wp-json\/wp\/v2\/users\/1"}],"replies":[{"embeddable":true,"href":"http:\/\/www.maritimtkompani.no\/wordpress\/wp-json\/wp\/v2\/comments?post=112"}],"version-history":[{"count":28,"href":"http:\/\/www.maritimtkompani.no\/wordpress\/wp-json\/wp\/v2\/pages\/112\/revisions"}],"predecessor-version":[{"id":967,"href":"http:\/\/www.maritimtkompani.no\/wordpress\/wp-json\/wp\/v2\/pages\/112\/revisions\/967"}],"up":[{"embeddable":true,"href":"http:\/\/www.maritimtkompani.no\/wordpress\/wp-json\/wp\/v2\/pages\/15"}],"wp:attachment":[{"href":"http:\/\/www.maritimtkompani.no\/wordpress\/wp-json\/wp\/v2\/media?parent=112"}],"curies":[{"name":"wp","href":"https:\/\/api.w.org\/{rel}","templated":true}]}}