{"id":1523,"date":"2012-10-09T08:30:01","date_gmt":"2012-10-09T08:30:01","guid":{"rendered":"http:\/\/www.maritimtkompani.no\/wordpress\/?page_id=1523"},"modified":"2023-09-05T07:44:11","modified_gmt":"2023-09-05T07:44:11","slug":"vinterpressening","status":"publish","type":"page","link":"http:\/\/www.maritimtkompani.no\/wordpress\/produktgrupper\/vinterpressening\/","title":{"rendered":"Vinterpresenning"},"content":{"rendered":"<h3>Vinter presenninger pvc 550 gr, hvit eller gr\u00e5.<\/h3>\r\n<table style=\"height: 364px;\" width=\"750\">\r\n<tbody>\r\n<tr>\r\n<td style=\"width: 242.4px;\">BENEVNELSE<\/td>\r\n<td style=\"width: 93.2px;\">\u00a0<\/td>\r\n<td style=\"width: 93.2px;\">&gt; 30 fot<\/td>\r\n<td style=\"width: 93.1833px;\">31-35 fot<\/td>\r\n<td style=\"width: 93.2px;\">36-40 fot<\/td>\r\n<td style=\"width: 93.1833px;\">41-46 fot<\/td>\r\n<\/tr>\r\n<tr>\r\n<td style=\"width: 242.4px;\">Heldekkende ned til rekke<\/td>\r\n<td style=\"width: 93.2px;\">\u00a0<\/td>\r\n<td style=\"width: 93.2px;\">\u00a0kr 30 000<\/td>\r\n<td style=\"width: 93.1833px;\">\u00a0kr 32 500<\/td>\r\n<td style=\"width: 93.2px;\">\u00a0kr 39 000<\/td>\r\n<td style=\"width: 93.1833px;\">\u00a0kr 45 500<\/td>\r\n<\/tr>\r\n<tr>\r\n<td style=\"width: 242.4px;\">Deldekkende utenfor rekke<\/td>\r\n<td style=\"width: 93.2px;\">\u00a0<\/td>\r\n<td style=\"width: 93.2px;\">\u00a0kr 35 900<\/td>\r\n<td style=\"width: 93.1833px;\">\u00a0kr 37 050<\/td>\r\n<td style=\"width: 93.2px;\">\u00a0kr 40 200<\/td>\r\n<td style=\"width: 93.1833px;\">\u00a0kr\u00a0 45 350<\/td>\r\n<\/tr>\r\n<tr>\r\n<td style=\"width: 242.4px;\">\u00a0<\/td>\r\n<td style=\"width: 93.2px;\">\u00a0<\/td>\r\n<td style=\"width: 93.2px;\">\u00a0<\/td>\r\n<td style=\"width: 93.1833px;\">\u00a0<\/td>\r\n<td style=\"width: 93.2px;\">\u00a0<\/td>\r\n<td style=\"width: 93.1833px;\">\u00a0<\/td>\r\n<\/tr>\r\n<tr>\r\n<td style=\"width: 242.4px;\">Flak over bom\u00a0 ferdig maljet i ytterkant<\/td>\r\n<td style=\"width: 93.2px;\">\u00a0<\/td>\r\n<td style=\"width: 93.2px;\">\u00a0kr 7 500<\/td>\r\n<td style=\"width: 93.1833px;\">\u00a0kr\u00a0 9 500<\/td>\r\n<td style=\"width: 93.2px;\">\u00a0kr\u00a0 11 500<\/td>\r\n<td style=\"width: 93.1833px;\">\u00a0kr\u00a0 12 500<\/td>\r\n<\/tr>\r\n<tr>\r\n<td style=\"width: 242.4px;\">Tillgegg for utslissing rekkest\u00f8tter<\/td>\r\n<td style=\"width: 93.2px;\">\u00a0<\/td>\r\n<td style=\"width: 93.2px;\">\u00a0Kr 3 750<\/td>\r\n<td style=\"width: 93.1833px;\">Kr 4 500<\/td>\r\n<td style=\"width: 93.2px;\">Kr 5 500<\/td>\r\n<td style=\"width: 93.1833px;\">Kr 6 500<\/td>\r\n<\/tr>\r\n<tr>\r\n<td style=\"width: 242.4px;\">Detaljer<\/td>\r\n<td style=\"width: 93.2px;\">\u00a0<\/td>\r\n<td style=\"width: 93.2px;\">\u00a0<\/td>\r\n<td style=\"width: 93.1833px;\">\u00a0<\/td>\r\n<td style=\"width: 93.2px;\">\u00a0<\/td>\r\n<td style=\"width: 93.1833px;\">\u00a0<\/td>\r\n<\/tr>\r\n<tr>\r\n<td style=\"width: 242.4px;\">Vindu pr stk (eks material)<\/td>\r\n<td style=\"width: 93.2px;\">\u00a0<\/td>\r\n<td style=\"width: 93.2px;\">\u00a0kr 2 900<\/td>\r\n<td style=\"width: 93.1833px;\">\u00a0kr 2 900<\/td>\r\n<td style=\"width: 93.2px;\">\u00a0kr 2 900<\/td>\r\n<td style=\"width: 93.1833px;\">\u00a0kr 2 900<\/td>\r\n<\/tr>\r\n<tr>\r\n<td style=\"width: 242.4px;\">Glidel\u00e5s \u00e5pning pr. stk (eks matreial)<\/td>\r\n<td style=\"width: 93.2px;\">\u00a0<\/td>\r\n<td style=\"width: 93.2px;\">\u00a0kr 1900<\/td>\r\n<td style=\"width: 93.1833px;\">kr 1 900<\/td>\r\n<td style=\"width: 93.2px;\">kr 2 150<\/td>\r\n<td style=\"width: 93.1833px;\">Kr 2 300<\/td>\r\n<\/tr>\r\n<tr>\r\n<td style=\"width: 242.4px;\">B\u00e5ter over 47 fot p\u00e5 ettersp\u00f8rsel<\/td>\r\n<td style=\"width: 93.2px;\">\u00a0<\/td>\r\n<td style=\"width: 93.2px;\">\u00a0<\/td>\r\n<td style=\"width: 93.1833px;\">\u00a0<\/td>\r\n<td style=\"width: 93.2px;\">\u00a0<\/td>\r\n<td style=\"width: 93.1833px;\">\u00a0<\/td>\r\n<\/tr>\r\n<\/tbody>\r\n<\/table>\r\n<p>&nbsp;<\/p>\r\n<table style=\"height: 300px; width: 832px;\" border=\"0\" width=\"404\" cellspacing=\"0\" cellpadding=\"0\"><colgroup> <col span=\"4\" width=\"80\" \/> <\/colgroup>\r\n<tbody>\r\n<tr style=\"height: 42px;\">\r\n<td style=\"width: 828px; height: 42px;\" colspan=\"4\" height=\"20\"><strong>R-STATIV ST\u00c5R P\u00c5 DEKK &#8211;\u00a0 Norena D stativ <br \/><\/strong><\/td>\r\n<\/tr>\r\n<tr style=\"height: 42px;\">\r\n<td style=\"width: 67.5333px; height: 42px;\" height=\"20\">Type<\/td>\r\n<td style=\"width: 368.867px; height: 42px;\" colspan=\"2\">Lengde ft.<\/td>\r\n<td style=\"width: 387.6px; height: 42px;\">Pris inkl mva<\/td>\r\n<\/tr>\r\n<tr style=\"height: 42px;\">\r\n<td style=\"width: 67.5333px; height: 42px;\" height=\"20\">R1<\/td>\r\n<td style=\"width: 368.867px; height: 42px;\" colspan=\"2\">19-23 fot<\/td>\r\n<td style=\"width: 387.6px; height: 42px;\">\u00a0kr\u00a0\u00a0\u00a0\u00a0\u00a0\u00a0\u00a0 P\u00e5 prisforesp\u00f8rsel<\/td>\r\n<\/tr>\r\n<tr style=\"height: 42px;\">\r\n<td style=\"width: 67.5333px; height: 42px;\" height=\"20\">R2<\/td>\r\n<td style=\"width: 368.867px; height: 42px;\" colspan=\"2\">24 &#8211; 27 fot<\/td>\r\n<td style=\"width: 387.6px; height: 42px;\">kr\u00a0 \u00a0 P\u00e5 prisforesp\u00f8rsel<\/td>\r\n<\/tr>\r\n<tr style=\"height: 42px;\">\r\n<td style=\"width: 67.5333px; height: 42px;\" height=\"20\">R3<\/td>\r\n<td style=\"width: 368.867px; height: 42px;\" colspan=\"2\">28-31 fot<\/td>\r\n<td style=\"width: 387.6px; height: 42px;\">kr\u00a0 \u00a0 \u00a0 P\u00e5 prisforesp\u00f8rsel<\/td>\r\n<\/tr>\r\n<tr style=\"height: 42px;\">\r\n<td style=\"width: 67.5333px; height: 42px;\" height=\"20\">R4<\/td>\r\n<td style=\"width: 368.867px; height: 42px;\" colspan=\"2\">32-35 fot<\/td>\r\n<td style=\"width: 387.6px; height: 42px;\">kr\u00a0 \u00a0 \u00a0 P\u00e5 prisforesp\u00f8rsel<\/td>\r\n<\/tr>\r\n<tr style=\"height: 42px;\">\r\n<td style=\"width: 67.5333px; height: 42px;\" height=\"20\">R5<\/td>\r\n<td style=\"width: 368.867px; height: 42px;\" colspan=\"2\">36-40ft.\/ 12,5 m<\/td>\r\n<td style=\"width: 387.6px; height: 42px;\">kr\u00a0 \u00a0 \u00a0 P\u00e5 prisforesp\u00f8rsel<\/td>\r\n<\/tr>\r\n<\/tbody>\r\n<\/table>\r\n<p><img class=\"wp-image-4221\" src=\"http:\/\/www.maritimtkompani.no\/wordpress\/wp-content\/uploads\/2020\/12\/2011-02-11-18.21.31.jpg\" alt=\"\" data-id=\"4221\" data-link=\"http:\/\/www.maritimtkompani.no\/wordpress\/produktgrupper\/vinterpressening\/2011-02-11-18-21-31\/#main\" \/><\/p>\r\n","protected":false},"excerpt":{"rendered":"<p>Vinter presenninger pvc 550 gr, hvit eller gr\u00e5. BENEVNELSE \u00a0 &gt; 30 fot 31-35 fot 36-40 fot 41-46 fot Heldekkende ned til rekke \u00a0 \u00a0kr 30 000 \u00a0kr 32 500 \u00a0kr 39 000 \u00a0kr 45 500 Deldekkende utenfor rekke \u00a0 \u00a0kr 35 900 \u00a0kr 37 050 \u00a0kr 40 200 \u00a0kr\u00a0 45 350 \u00a0 \u00a0 \u00a0 \u00a0 \u00a0 \u00a0 Flak over bom\u00a0 ferdig maljet i ytterkant \u00a0 \u00a0kr 7 500 \u00a0kr\u00a0 9 500 \u00a0kr\u00a0 11 500 \u00a0kr\u00a0 12 500 Tillgegg for utslissing rekkest\u00f8tter \u00a0 \u00a0Kr 3 750 Kr 4 500 Kr 5 500 Kr 6 500 Detaljer \u00a0 \u00a0 \u00a0 \u00a0&#8230; <\/p>\n","protected":false},"author":2,"featured_media":0,"parent":15,"menu_order":0,"comment_status":"closed","ping_status":"open","template":"","meta":{"_monsterinsights_skip_tracking":false,"_monsterinsights_sitenote_active":false,"_monsterinsights_sitenote_note":"","_monsterinsights_sitenote_category":0},"_links":{"self":[{"href":"http:\/\/www.maritimtkompani.no\/wordpress\/wp-json\/wp\/v2\/pages\/1523"}],"collection":[{"href":"http:\/\/www.maritimtkompani.no\/wordpress\/wp-json\/wp\/v2\/pages"}],"about":[{"href":"http:\/\/www.maritimtkompani.no\/wordpress\/wp-json\/wp\/v2\/types\/page"}],"author":[{"embeddable":true,"href":"http:\/\/www.maritimtkompani.no\/wordpress\/wp-json\/wp\/v2\/users\/2"}],"replies":[{"embeddable":true,"href":"http:\/\/www.maritimtkompani.no\/wordpress\/wp-json\/wp\/v2\/comments?post=1523"}],"version-history":[{"count":43,"href":"http:\/\/www.maritimtkompani.no\/wordpress\/wp-json\/wp\/v2\/pages\/1523\/revisions"}],"predecessor-version":[{"id":4582,"href":"http:\/\/www.maritimtkompani.no\/wordpress\/wp-json\/wp\/v2\/pages\/1523\/revisions\/4582"}],"up":[{"embeddable":true,"href":"http:\/\/www.maritimtkompani.no\/wordpress\/wp-json\/wp\/v2\/pages\/15"}],"wp:attachment":[{"href":"http:\/\/www.maritimtkompani.no\/wordpress\/wp-json\/wp\/v2\/media?parent=1523"}],"curies":[{"name":"wp","href":"https:\/\/api.w.org\/{rel}","templated":true}]}}