{"id":186,"date":"2011-02-22T13:08:12","date_gmt":"2011-02-22T13:08:12","guid":{"rendered":"http:\/\/www.maritimtkompani.no\/"},"modified":"2011-10-21T12:36:03","modified_gmt":"2011-10-21T12:36:03","slug":"zhink","status":"publish","type":"page","link":"http:\/\/www.maritimtkompani.no\/wordpress\/produktgrupper\/klaer\/zhink\/","title":{"rendered":"Zhik"},"content":{"rendered":"<p><img src=\"file:\/\/\/C:\/Users\/MARITI%7E1\/AppData\/Local\/Temp\/moz-screenshot.png\" alt=\"\" \/><\/p>\n<table style=\"width: 940px; height: 888px;\" border=\"0\" align=\"left\">\n<tbody>\n<tr>\n<td colspan=\"2\" align=\"left\" valign=\"top\"><a href=\"http:\/\/www.maritimtkompani.no\/wordpress\/wp-content\/uploads\/2011\/02\/Zhik-topbanner-930X150.jpg\"><img loading=\"lazy\" class=\"alignleft size-full wp-image-408\" title=\"Zhik-topbanner-930X150\" src=\"http:\/\/www.maritimtkompani.no\/wordpress\/wp-content\/uploads\/2011\/02\/Zhik-topbanner-930X150.jpg\" alt=\"\" width=\"930\" height=\"150\" srcset=\"http:\/\/www.maritimtkompani.no\/wordpress\/wp-content\/uploads\/2011\/02\/Zhik-topbanner-930X150.jpg 930w, http:\/\/www.maritimtkompani.no\/wordpress\/wp-content\/uploads\/2011\/02\/Zhik-topbanner-930X150-300x48.jpg 300w\" sizes=\"(max-width: 930px) 100vw, 930px\" \/><\/a><strong> <\/strong><\/td>\n<\/tr>\n<tr>\n<td align=\"left\" valign=\"top\">\n<address><strong> <\/strong><strong>Zhik har sitt hovedkontor i Sydney, Australia. Seilerne bak Zhik startet opp virksomheten i 2003 og p\u00e5 kort tid har produktene blitt popul\u00e6re blant aktive seilere i hele verden.<\/strong><\/address>\n<address> <\/address>\n<address><strong>Vi kan gi gode tilbud p\u00e5 Zhik seilt\u00f8y til hele team<\/strong><\/address>\n<address> <\/address>\n<address><strong>Se hele Zhik katalogen <a title=\"zhik katalog\" href=\"http:\/\/tuv.no\/zhik\/katalog.pdf\">(6,14 Mb pdf) HER.<\/a><\/strong><\/address>\n<address><strong><!--more--><br \/>\n<\/strong><\/address>\n<\/td>\n<td align=\"right\" valign=\"top\"><a href=\"http:\/\/www.maritimtkompani.no\/wordpress\/wp-content\/uploads\/2011\/02\/zhik-logo-ZHIK-low-res.jpg\"><img loading=\"lazy\" class=\"alignright size-full wp-image-410\" title=\"ZHIK LOGOS\" src=\"http:\/\/www.maritimtkompani.no\/wordpress\/wp-content\/uploads\/2011\/02\/zhik-logo-ZHIK-low-res.jpg\" alt=\"\" width=\"148\" height=\"78\" \/><\/a><\/td>\n<\/tr>\n<tr>\n<td align=\"left\" valign=\"top\"><strong>Zhik Isotak Jacket <\/strong><br \/>\nJakke designet for &laquo;high performance sailing&raquo;. Meget gode verdier for pusteevne og vanntetthet. Vannavst\u00f8tende og sterkt ytterlag. S\u00f8mmer er b\u00e5de limt og tapet. Stor slitestyrke med 1000+ Denier Cordura forsterkninger p\u00e5 utsatte steder. Fleeceforet krage og romslig hette. Doble justerbare ermmansjetter. Dette seilt\u00f8yet passer b\u00e5de til regattaseiling og turseiling, og det er laget for \u00e5 vare lenge. Det har god passform og er meget komfortabelt, samtidig som det er lett og fint. H\u00f8y bukse (Salopette) som passer til HER. Zhik har ogs\u00e5 en meget bra Spraytop.&nbsp;<\/p>\n<p>&nbsp;<\/p>\n<p>&nbsp;<\/td>\n<td align=\"left\" valign=\"top\"><\/td>\n<\/tr>\n<tr>\n<td><strong>Zhik Isotak Salopette <\/strong><br \/>\nH\u00f8y bukse designet for &laquo;high performance sailing&raquo;. Meget gode verdier for pusteevne og vanntetthet. Vannavst\u00f8tende ytterlag. S\u00f8mmer er b\u00e5de limt og tapet. 1000+ Denier Cordura forsterkninger p\u00e5 utsatte steder. Komfortabelt stretch parti over skuldrene. Brede mansjetter nede som strammes med borrel\u00e5s. Stor vanntett lomme. Dette seilt\u00f8yet passer b\u00e5de til regattaseiling og turseiling, og det er laget for \u00e5 vare lenge. Det har god passform, er lett og meget komfortabelt.&nbsp;<\/p>\n<p>&nbsp;<\/td>\n<td><\/td>\n<\/tr>\n<tr>\n<td><strong>Zhik Isotak Spraytop <\/strong><br \/>\nDesignet for &laquo;high performance racing&raquo;. Meget gode verdier for pusteevne og vanntetthet. Vannavst\u00f8tende ytterlag. S\u00f8mmer er b\u00e5de limt og tapet. 1000+ Denier Cordura forsterkninger p\u00e5 utsatte steder. Justerbar halsmansjett i tillegg til glidel\u00e5s. Justerbar neoprene-mansjett nederst. Romslig frontlomme. Racing snitt.<\/td>\n<td><a href=\"http:\/\/www.maritimtkompani.no\/wordpress\/wp-content\/uploads\/2011\/02\/zhik_web_spraytop_1.jpg\"><img loading=\"lazy\" class=\"alignleft size-thumbnail wp-image-426\" title=\"zhik_web_spraytop_1\" src=\"http:\/\/www.maritimtkompani.no\/wordpress\/wp-content\/uploads\/2011\/02\/zhik_web_spraytop_1-150x150.jpg\" alt=\"\" width=\"150\" height=\"150\" \/><\/a><\/td>\n<\/tr>\n<tr>\n<td align=\"left\" valign=\"top\"><strong>Zhik Racing vest <\/strong><br \/>\nEn seilvest med perfekt passform! Sitter tett p\u00e5 kroppen, og hindrer ikke bevegeligheten. Glidel\u00e5s i siden og gode strammemuligheter. Godkjent etter CD standard EN393. B\u00e6reevne 50N. Farge sort. Finn riktig st\u00f8rrelse i tabellen. XS er ganske liten.&nbsp;<\/p>\n<p><a href=\"http:\/\/www.maritimtkompani.no\/wordpress\/wp-content\/uploads\/2011\/02\/pfd_size_312.jpg\"><img loading=\"lazy\" class=\"size-medium wp-image-420 alignleft\" title=\"pfd_size_312\" src=\"http:\/\/www.maritimtkompani.no\/wordpress\/wp-content\/uploads\/2011\/02\/pfd_size_312-300x157.jpg\" alt=\"\" width=\"300\" height=\"157\" srcset=\"http:\/\/www.maritimtkompani.no\/wordpress\/wp-content\/uploads\/2011\/02\/pfd_size_312-300x157.jpg 300w, http:\/\/www.maritimtkompani.no\/wordpress\/wp-content\/uploads\/2011\/02\/pfd_size_312.jpg 312w\" sizes=\"(max-width: 300px) 100vw, 300px\" \/><\/a><\/td>\n<td align=\"right\" valign=\"top\"><a href=\"http:\/\/www.maritimtkompani.no\/wordpress\/wp-content\/uploads\/2011\/02\/jollevester_zhik_pfd.jpg\"><img loading=\"lazy\" class=\"alignleft size-thumbnail wp-image-422\" title=\"jollevester_zhik_pfd\" src=\"http:\/\/www.maritimtkompani.no\/wordpress\/wp-content\/uploads\/2011\/02\/jollevester_zhik_pfd-150x150.jpg\" alt=\"\" width=\"150\" height=\"150\" \/><\/a><\/td>\n<\/tr>\n<tr>\n<td colspan=\"2\" align=\"left\" valign=\"top\"><a href=\"http:\/\/www.maritimtkompani.no\/wordpress\/wp-content\/uploads\/2011\/02\/waatdrakter1.gif\"><img loading=\"lazy\" class=\"alignleft size-full wp-image-417\" title=\"waatdrakter\" src=\"http:\/\/www.maritimtkompani.no\/wordpress\/wp-content\/uploads\/2011\/02\/waatdrakter1.gif\" alt=\"\" width=\"901\" height=\"400\" srcset=\"http:\/\/www.maritimtkompani.no\/wordpress\/wp-content\/uploads\/2011\/02\/waatdrakter1.gif 901w, http:\/\/www.maritimtkompani.no\/wordpress\/wp-content\/uploads\/2011\/02\/waatdrakter1-300x133.gif 300w\" sizes=\"(max-width: 901px) 100vw, 901px\" \/><\/a><\/td>\n<\/tr>\n<tr>\n<td>Produktlkatalog fra Zhink <a href=\"http:\/\/www.zhik.com\/files\/files\/Catalogue\/Zhik%20Volume%207.pdf\" target=\"_blank\">her..<\/a><\/td>\n<td><\/td>\n<\/tr>\n<\/tbody>\n<\/table>\n<p><img src=\"file:\/\/\/C:\/Users\/maritimtkompani%20stas\/Desktop\/Site\/Leverand%C3%B8rer\/Harken\/harken-logo-250x120.gif\" alt=\"\" \/><\/p>\n<div id=\"_mcePaste\" class=\"mcePaste\" style=\"position: absolute; left: -10000px; top: 360px; width: 1px; height: 1px; overflow: hidden;\"><span style=\"font-size: x-small;\"><span style=\"font-family: arial,helvetica,sans-serif;\"><strong>Zhik Isotak Jacket<br \/>\n<\/strong>Jakke  designet for &laquo;high performance sailing&raquo;. Meget gode verdier for  pusteevne og vanntetthet. Vannavst\u00f8tende og sterkt ytterlag. S\u00f8mmer er  b\u00e5de limt og tapet. Stor slitestyrke med 1000+ Denier Cordura  forsterkninger p\u00e5 utsatte steder. Fleeceforet krage og romslig hette.  Doble justerbare ermmansjetter.\u00a0Dette seilt\u00f8yet passer b\u00e5de til  regattaseiling og turseiling, og det er laget for \u00e5 vare lenge.\u00a0Det har  god passform og er meget komfortabelt, samtidig som det er lett og  fint.\u00a0H\u00f8y bukse (Salopette) som passer til <a href=\"http:\/\/www.sailtuv.no\/ds_product_info.php?cPath=51_38&amp;products_id=271\" target=\"_self\"><strong>HER<\/strong><\/a>.\u00a0Zhik har ogs\u00e5 en meget bra <a href=\"http:\/\/www.sailtuv.no\/ds_product_info.php?cPath=51_44&amp;products_id=277\"><strong>Spraytop<\/strong><\/a>. Vi kan gi gode tilbud p\u00e5 Zhik seilt\u00f8y til hele team<\/span><\/span><\/div>\n","protected":false},"excerpt":{"rendered":"<p>Zhik har sitt hovedkontor i Sydney, Australia. Seilerne bak Zhik startet opp virksomheten i 2003 og p\u00e5 kort tid har produktene blitt popul\u00e6re blant aktive seilere i hele verden. Vi kan gi gode tilbud p\u00e5 Zhik seilt\u00f8y til hele team Se hele Zhik katalogen (6,14 Mb pdf) HER.<\/p>\n","protected":false},"author":1,"featured_media":0,"parent":102,"menu_order":2,"comment_status":"closed","ping_status":"open","template":"","meta":{"_monsterinsights_skip_tracking":false,"_monsterinsights_sitenote_active":false,"_monsterinsights_sitenote_note":"","_monsterinsights_sitenote_category":0},"_links":{"self":[{"href":"http:\/\/www.maritimtkompani.no\/wordpress\/wp-json\/wp\/v2\/pages\/186"}],"collection":[{"href":"http:\/\/www.maritimtkompani.no\/wordpress\/wp-json\/wp\/v2\/pages"}],"about":[{"href":"http:\/\/www.maritimtkompani.no\/wordpress\/wp-json\/wp\/v2\/types\/page"}],"author":[{"embeddable":true,"href":"http:\/\/www.maritimtkompani.no\/wordpress\/wp-json\/wp\/v2\/users\/1"}],"replies":[{"embeddable":true,"href":"http:\/\/www.maritimtkompani.no\/wordpress\/wp-json\/wp\/v2\/comments?post=186"}],"version-history":[{"count":15,"href":"http:\/\/www.maritimtkompani.no\/wordpress\/wp-json\/wp\/v2\/pages\/186\/revisions"}],"predecessor-version":[{"id":188,"href":"http:\/\/www.maritimtkompani.no\/wordpress\/wp-json\/wp\/v2\/pages\/186\/revisions\/188"}],"up":[{"embeddable":true,"href":"http:\/\/www.maritimtkompani.no\/wordpress\/wp-json\/wp\/v2\/pages\/102"}],"wp:attachment":[{"href":"http:\/\/www.maritimtkompani.no\/wordpress\/wp-json\/wp\/v2\/media?parent=186"}],"curies":[{"name":"wp","href":"https:\/\/api.w.org\/{rel}","templated":true}]}}