{"id":195,"date":"2011-02-22T13:14:12","date_gmt":"2011-02-22T13:14:12","guid":{"rendered":"http:\/\/www.maritimtkompani.no\/"},"modified":"2021-01-22T14:31:14","modified_gmt":"2021-01-22T14:31:14","slug":"alpharopes","status":"publish","type":"page","link":"http:\/\/www.maritimtkompani.no\/wordpress\/alpharopes\/","title":{"rendered":"Alpharopes"},"content":{"rendered":"<address>Maritimt kompani inngikk i \u00e5rsskiftet 2013-2014 en avtale med Alphropes om importstatus p\u00e5 Cotesi sin seilb\u00e5t-taurange.<\/address>\n<address>Produktene er testet n\u00e5 i ca 7 \u00e5r og holder meget h\u00f8y kvalitet. Vi f\u00f8ler at Alpharopes ikke st\u00e5r tilbake for noe.<\/address>\n<address>Tauene er av h\u00f8y kvalitet, de er lette \u00e5 spleise og har god ytevene samt levetid.<\/address>\n<address>\u00a0<\/address>\n<address>Vi kan tilby tau til alle niv\u00e5 om du er turseiler eller har de ytterste krav til din regattamaskin. Alpha leverer\u00a0 tillpassede tau\u00a0 til klasser fra\u00a0 TP52 til\u00a0 Laser standard.<\/address>\n<address>\u00a0<\/address>\n<address>Maritit kompani tilbyr et selektert utvalg fra Alpha`s sortiment,\u00a0 fall, skj\u00f8ter, trimmliner og fort\u00f8yning.<\/address>\n<address>Vi kan spesialtilpasse dine tau, tilbyr spelising og montering blant annet forskjellinge type l\u00e5ser eller sjakler.<\/address>\n<address>\u00a0<\/address>\n<address><a href=\"https:\/\/seiltau.no\/\"><strong>Se mere om dette p\u00e5 v\u00e5r nettbutikk Seiltau.no<\/strong><\/a><\/address>\n<p><img loading=\"lazy\" class=\"size-full wp-image-4440 alignnone\" src=\"http:\/\/www.maritimtkompani.no\/wordpress\/wp-content\/uploads\/2021\/01\/Alpharopes-taustativ.jpg\" alt=\"\" width=\"800\" height=\"800\" srcset=\"http:\/\/www.maritimtkompani.no\/wordpress\/wp-content\/uploads\/2021\/01\/Alpharopes-taustativ.jpg 800w, http:\/\/www.maritimtkompani.no\/wordpress\/wp-content\/uploads\/2021\/01\/Alpharopes-taustativ-300x300.jpg 300w, http:\/\/www.maritimtkompani.no\/wordpress\/wp-content\/uploads\/2021\/01\/Alpharopes-taustativ-150x150.jpg 150w, http:\/\/www.maritimtkompani.no\/wordpress\/wp-content\/uploads\/2021\/01\/Alpharopes-taustativ-768x768.jpg 768w\" sizes=\"(max-width: 800px) 100vw, 800px\" \/><\/p>\n<p>Litt fra Alphropes:<\/p>\n<address><span style=\"color: #808080;\">Alpha Ropes\u00ae lines join advanced technology materials, a state-of-the-art production facility and a young but very experienced team. Therefore, Alpha Ropes\u00ae is all over in several boats in top sailing regattas such as America\u00b4s Cup, Volvo Ocean Race, Vendee Globe, 52 Series, Maxi Class, Olympic Games, among many others major sailing events. Alpha Ropes\u00ae is a brand of Cotesi Yachting division. <\/span><span style=\"color: #808080;\">Cotesi &#8211; Companhia de T\u00eaxteis Sint\u00e9ticos, S.A., founded in 1967, was the forerunner in Europe in the production of twine, nets and ropes made from synthetic and natural raw materials and is, today, one of the world\u00b4s largest producers. A subsidiary of one of Portugal\u00b4s strongest companies, Violas SGPS, and with over four decades of activity, the company has accumulated vast experience and tradition in the domestic and international markets. <\/span><span style=\"color: #808080;\">With a global presence, Cotesi is today the premier world player in distribution and supply channels, with strong units in Europe (Portugal, United Kingdom, Denmark, Germany, Belgium and France), North America (U.S.A and Canada) and South America (Brazil). A pioneer in its field, Cotesi\u00b4s proactive technical innovation and constant research and development define the company\u00b4s success.<\/span><\/address>\n<address>\u00a0<\/address>\n<ul>\n<li>Alpharopes i deres nettside.<a href=\"https:\/\/www.alpha-ropes.com\/\"> Les mere.<\/a><\/li>\n<li>Tekniske data. <a href=\"https:\/\/www.alpha-ropes.com\/index.php?id=444\">Les mere.<\/a><\/li>\n<\/ul>\n<p>&nbsp;<\/p>\n","protected":false},"excerpt":{"rendered":"<p>Maritimt kompani inngikk i \u00e5rsskiftet 2013-2014 en avtale med Alphropes om importstatus p\u00e5 Cotesi sin seilb\u00e5t-taurange. Produktene er testet n\u00e5 i ca 7 \u00e5r og holder meget h\u00f8y kvalitet. Vi f\u00f8ler at Alpharopes ikke st\u00e5r tilbake for noe. Tauene er av h\u00f8y kvalitet, de er lette \u00e5 spleise og har god ytevene samt levetid. \u00a0 Vi kan tilby tau til alle niv\u00e5 om du er turseiler eller har de ytterste krav til din regattamaskin. Alpha leverer\u00a0 tillpassede tau\u00a0 til klasser fra\u00a0 TP52 til\u00a0 Laser standard. \u00a0 Maritit kompani tilbyr et selektert utvalg fra Alpha`s sortiment,\u00a0 fall, skj\u00f8ter, trimmliner og fort\u00f8yning&#8230;. <\/p>\n","protected":false},"author":1,"featured_media":4435,"parent":0,"menu_order":3,"comment_status":"closed","ping_status":"open","template":"","meta":{"_monsterinsights_skip_tracking":false,"_monsterinsights_sitenote_active":false,"_monsterinsights_sitenote_note":"","_monsterinsights_sitenote_category":0},"_links":{"self":[{"href":"http:\/\/www.maritimtkompani.no\/wordpress\/wp-json\/wp\/v2\/pages\/195"}],"collection":[{"href":"http:\/\/www.maritimtkompani.no\/wordpress\/wp-json\/wp\/v2\/pages"}],"about":[{"href":"http:\/\/www.maritimtkompani.no\/wordpress\/wp-json\/wp\/v2\/types\/page"}],"author":[{"embeddable":true,"href":"http:\/\/www.maritimtkompani.no\/wordpress\/wp-json\/wp\/v2\/users\/1"}],"replies":[{"embeddable":true,"href":"http:\/\/www.maritimtkompani.no\/wordpress\/wp-json\/wp\/v2\/comments?post=195"}],"version-history":[{"count":33,"href":"http:\/\/www.maritimtkompani.no\/wordpress\/wp-json\/wp\/v2\/pages\/195\/revisions"}],"predecessor-version":[{"id":4441,"href":"http:\/\/www.maritimtkompani.no\/wordpress\/wp-json\/wp\/v2\/pages\/195\/revisions\/4441"}],"wp:featuredmedia":[{"embeddable":true,"href":"http:\/\/www.maritimtkompani.no\/wordpress\/wp-json\/wp\/v2\/media\/4435"}],"wp:attachment":[{"href":"http:\/\/www.maritimtkompani.no\/wordpress\/wp-json\/wp\/v2\/media?parent=195"}],"curies":[{"name":"wp","href":"https:\/\/api.w.org\/{rel}","templated":true}]}}