{"id":2394,"date":"2016-09-25T09:06:45","date_gmt":"2016-09-25T09:06:45","guid":{"rendered":"http:\/\/www.maritimtkompani.no\/wordpress\/?page_id=2394"},"modified":"2022-01-20T14:14:41","modified_gmt":"2022-01-20T14:14:41","slug":"riggsjekk","status":"publish","type":"page","link":"http:\/\/www.maritimtkompani.no\/wordpress\/tjenester\/riggsjekk\/","title":{"rendered":"Riggsjekk"},"content":{"rendered":"<p>\u00c5 sjekke alle vitale deler av riggen din er noe av det viktigeste du kan gj\u00f8re for b\u00e5de sikkerhet og ytelse.<\/p>\n<p>En riggsjekk hos oss vil v\u00e6re gunstig for dine forsikringsbetingelser.<\/p>\n<p>Vedlikehold og ettersyn av riggen har ikke bare betydning for b\u00e5tens verdi og egen seilglede. Det er ogs\u00e5 avgj\u00f8rende for sikkerheten om bord at riggen er i orden. V\u00e5r riggsjekk gir deg ogs\u00e5 r\u00e5d som vil gi \u00f8kt seilglede, enten du er tur eller regattaseiler.<br \/>\nVi har dessverre erfart at mange rigghavarier skyldes mangelfullt eller uprofesjonelt vedlikehold. Komponenter slites ut eller g\u00e5r i stykker, og trenger reparasjon eller utskiftning. Mange ganger er kostnaden marginal i forhold til konsekvensene ved \u00e5 la v\u00e6re. Maritimt kompani kan tilby en komplett riggsjekk med skriftlig rapport til din b\u00e5t.<\/p>\n<p>Da f\u00e5r du en god oversikt over tilstanden p\u00e5 din mast, l\u00f8pende rigg, st\u00e5ende rigg og tilh\u00f8rende dekksutstyr. Rapporten benyttes til \u00e5 sette opp et vedlikeholdsprogram som gir grunnlag for trygge seilaser fremover.<\/p>\n<table class=\" aligncenter\" style=\"height: 47px; width: 92.4644%; border-collapse: collapse; border-style: hidden;\" border=\"0\">\n<tbody>\n<tr>\n<td style=\"width: 243.167px;\"><\/td>\n<td style=\"width: 240.083px;\"><\/td>\n<td style=\"width: 240.083px;\"><\/td>\n<td style=\"width: 244.733px;\"><\/td>\n<\/tr>\n<\/tbody>\n<\/table>\n<p>\u2022 Prisene inkluderer skriftlig rapport og bildedokumentasjon.<br \/>\n\u2022 Vi vil oppfordre til \u00e5 p\u00e5 forh\u00e5nd fortelle oss om eventuelle feil og mangler du m\u00e5tte kjenne til p\u00e5 forh\u00e5nd, da dette vil v\u00e6re med p\u00e5 \u00e5 \u00f8ke kvaliteten p\u00e5 riggsjekken.<br \/>\n\u2022 Vi har mulighet til \u00e5 utf\u00f8re riggsjekk utenfor v\u00e5re lokaler p\u00e5 Grilstad Marina eller eniges om , men vi opplever at det som regel er tid og kostnadsbesparende for oss og kunde dersom riggsjekk utf\u00f8res ved v\u00e5r servicebrygge. Dette gj\u00f8r ogs\u00e5 at vi er i stand til \u00e5 ta mindre reparasjoner p\u00e5 strak arm, uten \u00e5 m\u00e5tte reise un\u00f8dvendig for \u00e5 hente deler og verkt\u00f8y.<br \/>\n\u2022 Riggsjekk utf\u00f8rt av Maritimt kompani er en visuell inspeksjon av fagperson. Det gis ingen garanti for levetid p\u00e5 utstyr ettersom det kan finnes skjulte feil og mangler.<\/p>\n<p>&nbsp;<\/p>\n<ul>\n<li>Ofte stilte sp\u00f8rsm\u00e5l ved riggsjekk<br \/>\nM\u00e5 man ta ned masten for \u00e5 gj\u00f8re en riggsjekk?<br \/>\nSvar: Normalt utf\u00f8rer vi riggsjekk n\u00e5r masten st\u00e5r rigget p\u00e5 b\u00e5ten. Vanligvis gir en visuell inspeksjon av riggen mens den er st\u00e5ende en god indikasjon p\u00e5 riggens tilstand. N\u00e5r riggen er oppe kan vi ogs\u00e5 oppdage ting vi ikke kan se n\u00e5r riggen er tatt ned, som for eksempel riggtrim.<\/li>\n<li>Dersom vi under en riggsjekk kommer over ting vi er usikre p\u00e5, som vi ikke kan si noe mer om uten \u00e5 ta riggen ned, vil vi gjennomg\u00e5 dette med b\u00e5teier. Dette vil da som regel v\u00e6re en kostnadsvurdering.<br \/>\nEr riggtrim en del av riggsjekken?<br \/>\nSvar: Riggtrim er normalt ikke en del av en riggsjekk. En riggtrim har store variasjoner fra b\u00e5t til b\u00e5t. Dersom det er store skjevheter i riggen kan det v\u00e6re fornuftig \u00e5 slakke riggen helt for \u00e5 starte p\u00e5 nytt. Andre rigger trenger kanskje bare en liten etter-stramming som tar mye kortere tid.<\/li>\n<\/ul>\n<p>&nbsp;<\/p>\n<p>Priser p\u00e5 riggsjekk<\/p>\n<blockquote><p>32 fot &#8211; 2.500 inkl. mva.<br \/>\n33-40 fot &#8211; 3.000 inkl. mva.<br \/>\n41-50 fot &#8211; 3.500 inkl. mva.<\/p>\n<p>&nbsp;<\/p><\/blockquote>\n\t\r\n\t\r\n\t\t\t\t\t\t<form  name= \"wpdevart_frontend_form_2\" id='wpdevart-forms-2' class=\"wpdevart-forms default-skin forms-general-styling\" method='post'  action='' enctype='multipart\/form-data'>\r\n\t\r\n\t\t\t\t\t\t                                            <!--bfh-number -->\r\n                                            <div class=\"wpdevart-input-field \">\r\n                                                 \r\n                                                        <label>Navn<\/label>\r\n                                                        \r\n                                                <div class=\"input-text input-field-inner\">\r\n                                                    \r\n                                                    <input  type=\"text\"  \r\n                                                            id =\"input-field-6\"\r\n                                                            name=\"label_6\"                                                               value=\"\" class=\"form-control  \" \r\n                                                            placeholder=\"\" \r\n                                                             \r\n                                                           \/>\r\n                                                <\/div>\r\n                                            <\/div>\r\n\t\t\t\t\t\t\t\t\t\t                                            <!--bfh-number -->\r\n                                            <div class=\"wpdevart-input-field \">\r\n                                                 \r\n                                                        <label>Telefon<\/label>\r\n                                                        \r\n                                                <div class=\"input-number input-field-inner\">\r\n                                                    \r\n                                                    <input  type=\"number\"  \r\n                                                            id =\"input-field-7\"\r\n                                                            name=\"label_7\"                                                               value=\"\" class=\"form-control  \" \r\n                                                            placeholder=\"\" \r\n                                                            maxlength = \"10\" \r\n                                                           \/>\r\n                                                <\/div>\r\n                                            <\/div>\r\n\t\t\t\t\t\t\t\t\t\t                                            <!--bfh-number -->\r\n                                            <div class=\"wpdevart-input-field \">\r\n                                                 \r\n                                                        <label>E-mail<\/label>\r\n                                                        \r\n                                                <div class=\"input-email input-field-inner\">\r\n                                                    \r\n                                                    <input  type=\"email\"  \r\n                                                            id =\"input-field-8\"\r\n                                                            name=\"label_8\"                                                               value=\"\" class=\"form-control  \" \r\n                                                            placeholder=\"\" \r\n                                                             \r\n                                                           \/>\r\n                                                <\/div>\r\n                                            <\/div>\r\n\t\t\t\t\t\t\t\t\t\t                                            <!--bfh-number -->\r\n                                            <div class=\"wpdevart-input-field \">\r\n                                                 \r\n                                                        <label>B\u00e5ttype\/modell<\/label>\r\n                                                        \r\n                                                <div class=\"input-text input-field-inner\">\r\n                                                    \r\n                                                    <input  type=\"text\"  \r\n                                                            id =\"input-field-9\"\r\n                                                            name=\"label_9\"                                                               value=\"\" class=\"form-control  \" \r\n                                                            placeholder=\"\" \r\n                                                             \r\n                                                           \/>\r\n                                                <\/div>\r\n                                            <\/div>\r\n\t\t\t\t\t\t\t\t\t\t                                            <!--bfh-number -->\r\n                                            <div class=\"wpdevart-input-field \">\r\n                                                 \r\n                                                        <label>Bygge\u00e5r<\/label>\r\n                                                        \r\n                                                <div class=\"input-text input-field-inner\">\r\n                                                    \r\n                                                    <input  type=\"text\"  \r\n                                                            id =\"input-field-10\"\r\n                                                            name=\"label_10\"                                                               value=\"\" class=\"form-control  \" \r\n                                                            placeholder=\"\" \r\n                                                             \r\n                                                           \/>\r\n                                                <\/div>\r\n                                            <\/div>\r\n\t\t\t\t\t\t\t\t\t\t                                            <!--bfh-number -->\r\n                                            <div class=\"wpdevart-input-field \">\r\n                                                 \r\n                                                        <label>Sted<\/label>\r\n                                                        \r\n                                                <div class=\"input-text input-field-inner\">\r\n                                                    \r\n                                                    <input  type=\"text\"  \r\n                                                            id =\"input-field-11\"\r\n                                                            name=\"label_11\"                                                               value=\"\" class=\"form-control  \" \r\n                                                            placeholder=\"\" \r\n                                                             \r\n                                                           \/>\r\n                                                <\/div>\r\n                                            <\/div>\r\n\t\t\t\t\t\t\t\t\t\t                                            <!--bfh-number -->\r\n                                            <div class=\"wpdevart-input-field  input-date\">\r\n                                                 \r\n                                                        <label>\u00d8nsket tid for riggsjekk<\/label>\r\n                                                        \r\n                                                <div class=\"input-date input-field-inner\">\r\n                                                    \r\n                                                    <input  type=\"text\"  \r\n                                                            id =\"input-field-12\"\r\n                                                            name=\"label_12\"                                                               value=\"\" class=\"form-control   date-picker\" \r\n                                                            placeholder=\"\" \r\n                                                             \r\n                                                           \/>\r\n                                                <\/div>\r\n                                            <\/div>\r\n\t\t\t\t\t\t\t\t\t\t\t\r\n   \r\n                   \r\n\t\t\t\t\t   \t\t\t\t\t\t<input type=\"hidden\" name=\"form_id\" value=\"2\" \/>  \r\n\t\t\t\t\t\t<!--<input type=\"submit\" value='Send' id=\"btn_send_form_email_2\" name=\"btn_send_form_email\" \/>-->\r\n\t\t\t\t\t\t<button type=\"submit\" name=\"btn_send_form_email\" id=\"btn_send_form_email_2\" >Send<\/button>\r\n\t\t\t\t\t\t\t\r\n\t\t\t\t\t  <span id=\"loader-icon-2\" style=\"display:none;\" class=\"form-loader\">\r\n\t\t\t\t\t\t<img src=\"http:\/\/www.maritimtkompani.no\/wordpress\/wp-content\/plugins\/contact-forms-builder\/\/assets\/images\/loader.gif\" \/>\r\n\t\t\t\t\t  <\/span>\r\n\t\r\n\t\t\t\t   <\/form>\r\n\t\r\n\t\t\t\t\t\t<div id=\"frontend_form_messages_2\" style=\"margin-top:10px; margin-bottom:10px;\"><\/div>\r\n\t\r\n\t\t\t\t   <script>\r\n\t\r\n\t\t\t\t\t\/\/ Document\r\n\t\t\t\t\tjQuery( document ).ready(function() {\r\n\t\t\t\t\t\t\/\/\tDon't submit form on enter, allow enter button only for texts\r\n\t\t\t\t\t\tjQuery(document).on(\"keypress\", \":input:not(textarea)\", function(event) {\r\n\t\t\t\t\t\t\treturn event.keyCode != 13;\r\n\t\t\t\t\t\t});\r\n\t\r\n\t\t\t\t\t\t\/\/ Do not use previous password saved in broswer for passowrd field\r\n\t\t\t\t\t\tjQuery(\"input[type='password']\").attr(\"autocomplete\", \"new-password\");\r\n\t\r\n\t\t\t\t\t\t\/\/handle form submission\r\n\t\t\t\t\t\t\/\/jQuery(\"form[name='wpdevart_frontend_form_2']\").submit(function(e){\r\n\t\t\t\t\t\tjQuery(document).on(\"submit\", \"form[name='wpdevart_frontend_form_2']\", function(e) {\r\n\t\t\t\t\t\t\t\/\/shortcode attributes e.g\r\n\t\t\t\t\t\t\tvar atts = {\"id\":\"2\"};\r\n\t\t\t\t\t\t\tvar options = { \r\n\t\t\t\t\t\t\t\t\/\/target:'#frontend_form_messages_2',   \/\/ target element(s) to be updated with server response \r\n\t\t\t\t\t\t\t\t\/\/ other available options: \r\n\t\t\t\t\t\t\t\t url:\"http:\/\/www.maritimtkompani.no\/wordpress\/wp-admin\/admin-ajax.php\",        \/\/ override for form's 'action' attribute \r\n\t\t\t\t\t\t\t\t\/\/url:\"http:\/\/www.maritimtkompani.no\/wordpress\/wp-content\/plugins\/contact-forms-builder\/check-ajax.php\",\r\n\t\t\t\t\t\t\t\tdata:{'btn_send_form_email':'1','process_ajax':'1','atts':JSON.stringify(atts),'action':'get_post_information'},\r\n\t\t\t\t\t\t\t\t\/\/type:      type        \/\/ 'get' or 'post', override for form's 'method' attribute \r\n\t\t\t\t\t\t\t\t\/\/dataType:  null        \/\/ 'xml', 'script', or 'json' (expected server response type) \r\n\t\t\t\t\t\t\t\t\/\/clearForm: true ,       \/\/ clear all form fields after successful submit \r\n\t\t\t\t\t\t\t\t\/\/resetForm: true  ,      \/\/ reset the form after successful submit \r\n\t\r\n\t\t\t\t\t\t\t\t\/\/ $.ajax options can be used here too, for example: \r\n\t\t\t\t\t\t\t\t\/\/timeout:   3000 \r\n\t\r\n\t\t\t\t\t\t\t\tbeforeSubmit: function() {\r\n\t\t\t\t\t\t\t\t\tjQuery(\"#loader-icon-2\").show();\r\n\t\t\t\t\t\t\t\t},\r\n\t\t\t\t\t\t\t\tsuccess:showResponse, \/\/ post-submit callback \r\n\t\t\t\t\t\t\t }; \r\n\t\r\n\t\t\t\t\t\t\t\/\/ inside event callbacks 'this' is the DOM element so we first \r\n\t\t\t\t\t\t\t\/\/ wrap it in a jQuery object and then invoke ajaxSubmit \r\n\t\t\t\t\t\t\tjQuery(this).ajaxSubmit(options); \r\n\t\r\n\t\t\t\t\t\t\t\/\/ !!! Important !!! \r\n\t\t\t\t\t\t\t\/\/ always return false to prevent standard browser submit and page navigation \r\n\t\t\t\t\t\t\treturn false; \r\n\t\t\t\t\t\t}); \r\n\t\r\n\t\r\n\t\t\t\t\t\tfunction showResponse(responseText, statusText, xhr, $form) {\r\n\t\t\t\t\t\t\tstr = responseText;\r\n\t\t\t\t\t\t\t\/\/replace first occurence \r\n\t\t\t\t\t\t\tstr = str.replace(\"successmsg_\", \" \"); \r\n\t\t\t\t\t\t\t\/\/ append response\r\n\t\r\n\t\t\t\t\t\t\tjQuery(\"#frontend_form_messages_2\").text(\" \");\r\n\t\t\t\t\t\t\tjQuery(\"#frontend_form_messages_2\").append(str);\r\n\t\t\t\t\t\t\tsetTimeout(function(){ \r\n\t\t\t\t\t\t\t\t\/\/jQuery(\"#frontend_form_messages_2 .success_message2\").fadeout(); \r\n\t\t\t\t\t\t\t\tjQuery(\"#frontend_form_messages_2 .success_message\").fadeOut();\r\n\t\t\t\t\t\t\t}, 5000);\r\n\t\r\n\t\t\t\t\t\t\t\/\/\tresponseText  , updates the div in target specified in options\r\n\t\t\t\t\t\t\tjQuery(\"#loader-icon-2\").hide();\r\n\t\r\n\t\t\t\t\t\t\tvar matched = responseText.search('successmsg_');\r\n\t\t\t\t\t\t\tif(matched != -1) {\r\n\t\r\n\t\t\t\t\t\t\t\tvar formId = \"2\";\r\n\t\t\t\t\t\t\t\t\r\n\t\r\n\t\t\t\t\t\t\t\tsetTimeout(function(){\r\n\t\t\t\t\t\t\t\t\t\t jQuery('#wpdevart-forms-2')[0].reset(); \r\n\t\t\t\t\t\t\t\t\t\t jQuery(\"#wpdevart-forms-\"+formId).each(function() {\r\n\t\t\t\t\t\t\t\t\t\t\t\r\n\t\t\t\t\t\t\t\t\t\t\t\r\n\t\t\t\t\t\t\t\t\t\t});\r\n\t\t\t\t\t\t\t\t },100);\r\n\t\t\t\t\t\t\t }\r\n\t\r\n\t\t\t\t\t\treturn false;\r\n\t\r\n\t\t\t\t\t\t}\r\n\t\t\t\t\t\tfunction showRequest() {\r\n\t\t\t\t\t\t\treturn false;\r\n\t\t\t\t\t\t}\r\n\t\r\n\t\t\t\t\t\tjQuery(document).on(\"click\",\"[type=reset].ws-reset-form\",function(e){\r\n\t\t\t\t\t\t\tformId= jQuery(this).attr('data-attr');\r\n\t\t\t\t\t\t\t\/\/reset\r\n\t\t\t\t\t\t\tjQuery(\"#wpdevart-forms-\"+formId).each(function(){\r\n\t\t\t\t\t\t\t\t\r\n\t\t\t\t\t\t\t\t\t\r\n\t\t\t\t\t\t\t\t\tjQuery(\"#wpdevart-forms-\"+formId)[0].reset();\r\n\t\t\t\t\t\t\t\t});\r\n\t\r\n\t\t\t\t\t\t\treturn false;\r\n\t\r\n\t\t\t\t\t\t});\r\n\t\t\t\t\t});\r\n\t\r\n\t\t\t\t\t<\/script>\r\n\t\t\t\t\n<p><img loading=\"lazy\" class=\"size-large wp-image-4540 alignnone\" src=\"http:\/\/www.maritimtkompani.no\/wordpress\/wp-content\/uploads\/2022\/01\/test1600X778-Hovedside--1024x498.jpg\" alt=\"\" width=\"1024\" height=\"498\" srcset=\"http:\/\/www.maritimtkompani.no\/wordpress\/wp-content\/uploads\/2022\/01\/test1600X778-Hovedside--1024x498.jpg 1024w, http:\/\/www.maritimtkompani.no\/wordpress\/wp-content\/uploads\/2022\/01\/test1600X778-Hovedside--300x146.jpg 300w, http:\/\/www.maritimtkompani.no\/wordpress\/wp-content\/uploads\/2022\/01\/test1600X778-Hovedside--768x373.jpg 768w, http:\/\/www.maritimtkompani.no\/wordpress\/wp-content\/uploads\/2022\/01\/test1600X778-Hovedside--1536x747.jpg 1536w, http:\/\/www.maritimtkompani.no\/wordpress\/wp-content\/uploads\/2022\/01\/test1600X778-Hovedside-.jpg 1600w\" sizes=\"(max-width: 1024px) 100vw, 1024px\" \/><\/p>\n<p>Du b\u00f8r ogs\u00e5 utf\u00f8re en egen riggsjekk n\u00e5r b\u00e5ten har v\u00e6rt utsatt for unormal belastning, som hardt v\u00e6r, grunnst\u00f8ting, kollisjon, broach eller liknende.<br \/>\nEt annet tips er g\u00e5 sammen med naboen for \u00e5 f\u00e5 hen til \u00e5 sjekke din b\u00e5t, og du sjekker naboens.<\/p>\n<p>Husk at profesjonelle rigger er trent til \u00e5 se feil og mangler p\u00e5 forskjellige rigger. Vi anbefaler derfor \u00e5 alltid bruke profesjonell rigger for \u00e5 utf\u00f8re riggsjekk.<\/p>\n<div id=\"metaslider-id-4395\" style=\"width: 100%; margin: 0 auto;\" class=\"ml-slider-3-23-5 metaslider metaslider-flex metaslider-4395 ml-slider ms-theme-highway has-carousel-mode has-dots-nav\">\n    <div id=\"metaslider_container_4395\">\n        <div id=\"metaslider_4395\" class=\"flexslider\">\n            <ul aria-live=\"polite\" class=\"slides\">\n                <li style=\"display: none; width: 100%;\" class=\"slide-4396 ms-image\"><img src=\"http:\/\/www.maritimtkompani.no\/wordpress\/wp-content\/uploads\/2016\/09\/1448811604569_MaxSize_w-1000_h-1000_Save-500x500.jpg\" height=\"500\" width=\"500\" alt=\"\" class=\"slider-4395 slide-4396\" title=\"1448811604569_maxsize_w-1000_h-1000_save\" \/><\/li>\n                <li style=\"display: none; width: 100%;\" class=\"slide-4397 ms-image\"><img src=\"http:\/\/www.maritimtkompani.no\/wordpress\/wp-content\/uploads\/2016\/09\/1448811584403_MaxSize_w-1000_h-1000_Save-500x500.jpg\" height=\"500\" width=\"500\" alt=\"\" class=\"slider-4395 slide-4397\" title=\"1448811584403_maxsize_w-1000_h-1000_save\" \/><\/li>\n                <li style=\"display: none; width: 100%;\" class=\"slide-4398 ms-image\"><img src=\"http:\/\/www.maritimtkompani.no\/wordpress\/wp-content\/uploads\/2016\/09\/1448814116407_MaxSize_w-1000_h-1000_Save-500x500.jpg\" height=\"500\" width=\"500\" alt=\"\" class=\"slider-4395 slide-4398\" title=\"1448814116407_maxsize_w-1000_h-1000_save\" \/><\/li>\n                <li style=\"display: none; width: 100%;\" class=\"slide-4399 ms-image\"><img src=\"http:\/\/www.maritimtkompani.no\/wordpress\/wp-content\/uploads\/2016\/09\/1448814186676_MaxSize_w-1000_h-1000_Save-500x500.jpg\" height=\"500\" width=\"500\" alt=\"\" class=\"slider-4395 slide-4399\" title=\"1448814186676_maxsize_w-1000_h-1000_save\" \/><\/li>\n                <li style=\"display: none; width: 100%;\" class=\"slide-4400 ms-image\"><img src=\"http:\/\/www.maritimtkompani.no\/wordpress\/wp-content\/uploads\/2016\/09\/1448814168106_MaxSize_w-1000_h-1000_Save-500x500.jpg\" height=\"500\" width=\"500\" alt=\"\" class=\"slider-4395 slide-4400\" title=\"1448814168106_maxsize_w-1000_h-1000_save\" \/><\/li>\n                <li style=\"display: none; width: 100%;\" class=\"slide-4401 ms-image\"><img src=\"http:\/\/www.maritimtkompani.no\/wordpress\/wp-content\/uploads\/2016\/09\/1448814146489_MaxSize_w-1000_h-1000_Save-500x500.jpg\" height=\"500\" width=\"500\" alt=\"\" class=\"slider-4395 slide-4401\" title=\"1448814146489_maxsize_w-1000_h-1000_save\" \/><\/li>\n                <li style=\"display: none; width: 100%;\" class=\"slide-4402 ms-image\"><img src=\"http:\/\/www.maritimtkompani.no\/wordpress\/wp-content\/uploads\/2016\/09\/1448812052485_CenterCrop_w-210_h-210_Save.png\" height=\"500\" width=\"500\" alt=\"\" class=\"slider-4395 slide-4402\" title=\"1448812052485_centercrop_w-210_h-210_save\" \/><\/li>\n                <li style=\"display: none; width: 100%;\" class=\"slide-4403 ms-image\"><img src=\"http:\/\/www.maritimtkompani.no\/wordpress\/wp-content\/uploads\/2016\/09\/1448810697530_CenterCrop_w-210_h-210_Save-3.png\" height=\"500\" width=\"500\" alt=\"\" class=\"slider-4395 slide-4403\" title=\"1448810697530_centercrop_w-210_h-210_save\" \/><\/li>\n                <li style=\"display: none; width: 100%;\" class=\"slide-4404 ms-image\"><img src=\"http:\/\/www.maritimtkompani.no\/wordpress\/wp-content\/uploads\/2016\/09\/1448812052485_MaxSize_w-1000_h-1000_Save-500x500.jpg\" height=\"500\" width=\"500\" alt=\"\" class=\"slider-4395 slide-4404\" title=\"1448812052485_maxsize_w-1000_h-1000_save\" \/><\/li>\n                <li style=\"display: none; width: 100%;\" class=\"slide-4405 ms-image\"><img src=\"http:\/\/www.maritimtkompani.no\/wordpress\/wp-content\/uploads\/2016\/09\/1448811624307_MaxSize_w-1000_h-1000_Save-500x500.jpg\" height=\"500\" width=\"500\" alt=\"\" class=\"slider-4395 slide-4405\" title=\"1448811624307_maxsize_w-1000_h-1000_save\" \/><\/li>\n                <li style=\"display: none; width: 100%;\" class=\"slide-4406 ms-image\"><img src=\"http:\/\/www.maritimtkompani.no\/wordpress\/wp-content\/uploads\/2016\/09\/1448811683023_MaxSize_w-1000_h-1000_Save-500x500.jpg\" height=\"500\" width=\"500\" alt=\"\" class=\"slider-4395 slide-4406\" title=\"1448811683023_maxsize_w-1000_h-1000_save\" \/><\/li>\n                <li style=\"display: none; width: 100%;\" class=\"slide-4407 ms-image\"><img src=\"http:\/\/www.maritimtkompani.no\/wordpress\/wp-content\/uploads\/2016\/09\/1448811604569_CenterCrop_w-210_h-210_Save-2.png\" height=\"500\" width=\"500\" alt=\"\" class=\"slider-4395 slide-4407\" title=\"1448811604569_centercrop_w-210_h-210_save\" \/><\/li>\n            <\/ul>\n        <\/div>\n        \n    <\/div>\n<\/div>\n","protected":false},"excerpt":{"rendered":"<p>\u00c5 sjekke alle vitale deler av riggen din er noe av det viktigeste du kan gj\u00f8re for b\u00e5de sikkerhet og ytelse. En riggsjekk hos oss vil v\u00e6re gunstig for dine forsikringsbetingelser. Vedlikehold og ettersyn av riggen har ikke bare betydning for b\u00e5tens verdi og egen seilglede. Det er ogs\u00e5 avgj\u00f8rende for sikkerheten om bord at riggen er i orden. V\u00e5r riggsjekk gir deg ogs\u00e5 r\u00e5d som vil gi \u00f8kt seilglede, enten du er tur eller regattaseiler. Vi har dessverre erfart at mange rigghavarier skyldes mangelfullt eller uprofesjonelt vedlikehold. Komponenter slites ut eller g\u00e5r i stykker, og trenger reparasjon eller utskiftning&#8230;. <\/p>\n","protected":false},"author":2,"featured_media":2408,"parent":18,"menu_order":0,"comment_status":"closed","ping_status":"closed","template":"","meta":{"_monsterinsights_skip_tracking":false,"_monsterinsights_sitenote_active":false,"_monsterinsights_sitenote_note":"","_monsterinsights_sitenote_category":0},"_links":{"self":[{"href":"http:\/\/www.maritimtkompani.no\/wordpress\/wp-json\/wp\/v2\/pages\/2394"}],"collection":[{"href":"http:\/\/www.maritimtkompani.no\/wordpress\/wp-json\/wp\/v2\/pages"}],"about":[{"href":"http:\/\/www.maritimtkompani.no\/wordpress\/wp-json\/wp\/v2\/types\/page"}],"author":[{"embeddable":true,"href":"http:\/\/www.maritimtkompani.no\/wordpress\/wp-json\/wp\/v2\/users\/2"}],"replies":[{"embeddable":true,"href":"http:\/\/www.maritimtkompani.no\/wordpress\/wp-json\/wp\/v2\/comments?post=2394"}],"version-history":[{"count":36,"href":"http:\/\/www.maritimtkompani.no\/wordpress\/wp-json\/wp\/v2\/pages\/2394\/revisions"}],"predecessor-version":[{"id":4542,"href":"http:\/\/www.maritimtkompani.no\/wordpress\/wp-json\/wp\/v2\/pages\/2394\/revisions\/4542"}],"up":[{"embeddable":true,"href":"http:\/\/www.maritimtkompani.no\/wordpress\/wp-json\/wp\/v2\/pages\/18"}],"wp:featuredmedia":[{"embeddable":true,"href":"http:\/\/www.maritimtkompani.no\/wordpress\/wp-json\/wp\/v2\/media\/2408"}],"wp:attachment":[{"href":"http:\/\/www.maritimtkompani.no\/wordpress\/wp-json\/wp\/v2\/media?parent=2394"}],"curies":[{"name":"wp","href":"https:\/\/api.w.org\/{rel}","templated":true}]}}