{"id":4350,"date":"2021-01-20T09:32:11","date_gmt":"2021-01-20T09:32:11","guid":{"rendered":"http:\/\/www.maritimtkompani.no\/wordpress\/?page_id=4350"},"modified":"2022-01-10T13:49:58","modified_gmt":"2022-01-10T13:49:58","slug":"sailmon","status":"publish","type":"page","link":"http:\/\/www.maritimtkompani.no\/wordpress\/sailmon\/","title":{"rendered":"Sailmon"},"content":{"rendered":"<h4>V\u00e5r siste og hotteste bidrag til v\u00e5re seilere er Sailmon. &#8211; <a href=\"https:\/\/sailmon.com\/max\/\">Les mer p\u00e5 Sailmon sine sider<\/a><\/h4>\n<p>Sailmon max en utrolig presist og nyttig verkt\u00f8y for alle seilere, spesielt regatta seilere p\u00e5 og av banen.<\/p>\n<p>Maritimt kompani har pr\u00f8vet ut en mengde sm\u00e5 seil instrumenter og dette er nok det mest komplette og adaptive. kan linkes opp mot app og man kan anlysere elementer fra seilasen i detalj med en utrolig n\u00f8yaktighet.<\/p>\n<div class=\"vc_separator wpb_content_element vc_separator_align_center vc_sep_width_100 vc_sep_pos_align_center vc_separator_no_text vc_sep_color_black vc_custom_1573814336824 vc_custom_1573814336824\">\n<p><img loading=\"lazy\" class=\"size-large wp-image-4351 alignnone\" src=\"http:\/\/www.maritimtkompani.no\/wordpress\/wp-content\/uploads\/2021\/01\/Sailmon-max-maritimt-kompani-nokkelfunskjoner-1024x397.jpg\" alt=\"\" width=\"1024\" height=\"397\" srcset=\"http:\/\/www.maritimtkompani.no\/wordpress\/wp-content\/uploads\/2021\/01\/Sailmon-max-maritimt-kompani-nokkelfunskjoner-1024x397.jpg 1024w, http:\/\/www.maritimtkompani.no\/wordpress\/wp-content\/uploads\/2021\/01\/Sailmon-max-maritimt-kompani-nokkelfunskjoner-300x116.jpg 300w, http:\/\/www.maritimtkompani.no\/wordpress\/wp-content\/uploads\/2021\/01\/Sailmon-max-maritimt-kompani-nokkelfunskjoner-768x298.jpg 768w, http:\/\/www.maritimtkompani.no\/wordpress\/wp-content\/uploads\/2021\/01\/Sailmon-max-maritimt-kompani-nokkelfunskjoner.jpg 1202w\" sizes=\"(max-width: 1024px) 100vw, 1024px\" \/><\/p>\n<\/div>\n<div id=\"vc_row-6007fd49db854\" class=\"vc_row wpb_row vc_row-fluid\">\n<div class=\"wpb_column vc_column_container vc_col-sm-12\">\n<div class=\"vc_column-inner \">\n<div class=\"wpb_wrapper\">\n<div class=\"wpb_text_column wpb_content_element \">\n<div class=\"wpb_wrapper\">\n<p>&nbsp;<\/p>\n<table style=\"height: 240px; width: 100%; border-collapse: collapse; border-style: hidden;\" border=\"0\" cellspacing=\"10\" cellpadding=\"10\">\n<tbody>\n<tr style=\"height: 24px;\">\n<td style=\"width: 20.8738%; height: 24px;\">Measurements &amp; Logging<\/td>\n<td style=\"width: 34.5739%; height: 24px;\"><img loading=\"lazy\" class=\"alignright size-medium wp-image-4369\" src=\"http:\/\/www.maritimtkompani.no\/wordpress\/wp-content\/uploads\/2021\/01\/Sailmon-MAX-27-300x244.png\" alt=\"\" width=\"300\" height=\"244\" srcset=\"http:\/\/www.maritimtkompani.no\/wordpress\/wp-content\/uploads\/2021\/01\/Sailmon-MAX-27-300x244.png 300w, http:\/\/www.maritimtkompani.no\/wordpress\/wp-content\/uploads\/2021\/01\/Sailmon-MAX-27-768x624.png 768w, http:\/\/www.maritimtkompani.no\/wordpress\/wp-content\/uploads\/2021\/01\/Sailmon-MAX-27.png 909w\" sizes=\"(max-width: 300px) 100vw, 300px\" \/><\/td>\n<\/tr>\n<tr style=\"height: 192px;\">\n<td style=\"width: 20.8738%; height: 192px;\">\n<div class=\"vc_row wpb_row vc_inner vc_row-fluid\">\n<div class=\"wpb_column vc_column_container vc_col-sm-9\">\n<div class=\"vc_column-inner \">\n<div class=\"wpb_wrapper\">\n<div class=\"wpb_text_column wpb_content_element max2\">\n<div class=\"wpb_wrapper\">\n<p>BSP<\/p>\n<ul>\n<li>Heading, Heel, Pitch<br \/>\nPosition, SOG, COG<br \/>\nAugmented AWA, AWS \u00b2<br \/>\nAugmented TWA, TWS, TWD \u00b2<br \/>\nUnlimited data logging \u00b3<\/li>\n<\/ul>\n<\/div>\n<\/div>\n<\/div>\n<\/div>\n<\/div>\n<\/div>\n<\/td>\n<td style=\"width: 34.5739%; height: 192px;\"><img loading=\"lazy\" class=\"size-medium wp-image-4367 alignright\" src=\"http:\/\/www.maritimtkompani.no\/wordpress\/wp-content\/uploads\/2021\/01\/sailmon-max-86-260x300.png\" alt=\"\" width=\"260\" height=\"300\" srcset=\"http:\/\/www.maritimtkompani.no\/wordpress\/wp-content\/uploads\/2021\/01\/sailmon-max-86-260x300.png 260w, http:\/\/www.maritimtkompani.no\/wordpress\/wp-content\/uploads\/2021\/01\/sailmon-max-86-887x1024.png 887w, http:\/\/www.maritimtkompani.no\/wordpress\/wp-content\/uploads\/2021\/01\/sailmon-max-86-768x887.png 768w, http:\/\/www.maritimtkompani.no\/wordpress\/wp-content\/uploads\/2021\/01\/sailmon-max-86-1330x1536.png 1330w, http:\/\/www.maritimtkompani.no\/wordpress\/wp-content\/uploads\/2021\/01\/sailmon-max-86.png 1376w\" sizes=\"(max-width: 260px) 100vw, 260px\" \/><\/td>\n<\/tr>\n<tr style=\"height: 24px;\">\n<td style=\"width: 20.8738%; height: 24px;\">\n<div id=\"vc_row-6007fd49dbfbf\" class=\"vc_row wpb_row vc_row-fluid\">\n<div class=\"wpb_column vc_column_container vc_col-sm-12\">\n<div class=\"vc_column-inner \">\n<div class=\"wpb_wrapper\">\n<div class=\"wpb_text_column wpb_content_element \">\n<div class=\"wpb_wrapper\">\n<p>Features<\/p>\n<\/div>\n<\/div>\n<div class=\"vc_row wpb_row vc_inner vc_row-fluid\">\n<div class=\"wpb_column vc_column_container vc_col-sm-9\">\n<div class=\"vc_column-inner \">\n<div class=\"wpb_wrapper\">\n<div class=\"wpb_text_column wpb_content_element max2\">\n<div class=\"wpb_wrapper\">\n<ul>\n<li>Countdown timer<br \/>\nDistance to line<br \/>\nEstimated distance from line at start<br \/>\nLine bias<br \/>\nVMG calculation<br \/>\nInstant session report<br \/>\nInstant rankings \u00b3<br \/>\nValue added data from Sailmon cloud \u00b3<br \/>\nHeader \/ lift indicator <sup>5<\/sup><\/li>\n<\/ul>\n<\/div>\n<\/div>\n<\/div>\n<\/div>\n<\/div>\n<\/div>\n<\/div>\n<\/div>\n<\/div>\n<\/div>\n<\/td>\n<td style=\"width: 34.5739%; height: 24px;\"><img loading=\"lazy\" class=\"alignright size-medium wp-image-4365\" src=\"http:\/\/www.maritimtkompani.no\/wordpress\/wp-content\/uploads\/2021\/01\/34346_Sailmon_Sailmon_MAX_4-300x300.jpg\" alt=\"\" width=\"300\" height=\"300\" srcset=\"http:\/\/www.maritimtkompani.no\/wordpress\/wp-content\/uploads\/2021\/01\/34346_Sailmon_Sailmon_MAX_4-300x300.jpg 300w, http:\/\/www.maritimtkompani.no\/wordpress\/wp-content\/uploads\/2021\/01\/34346_Sailmon_Sailmon_MAX_4-1024x1024.jpg 1024w, http:\/\/www.maritimtkompani.no\/wordpress\/wp-content\/uploads\/2021\/01\/34346_Sailmon_Sailmon_MAX_4-150x150.jpg 150w, http:\/\/www.maritimtkompani.no\/wordpress\/wp-content\/uploads\/2021\/01\/34346_Sailmon_Sailmon_MAX_4-768x768.jpg 768w, http:\/\/www.maritimtkompani.no\/wordpress\/wp-content\/uploads\/2021\/01\/34346_Sailmon_Sailmon_MAX_4-800x800.jpg 800w, http:\/\/www.maritimtkompani.no\/wordpress\/wp-content\/uploads\/2021\/01\/34346_Sailmon_Sailmon_MAX_4.jpg 1200w\" sizes=\"(max-width: 300px) 100vw, 300px\" \/><\/td>\n<\/tr>\n<\/tbody>\n<\/table>\n<div id=\"metaslider-id-4370\" style=\"width: 100%; margin: 0 auto;\" class=\"ml-slider-3-23-5 metaslider metaslider-flex metaslider-4370 ml-slider ms-theme-cubic has-carousel-mode has-dots-nav\">\n    <div id=\"metaslider_container_4370\">\n        <div id=\"metaslider_4370\" class=\"flexslider\">\n            <ul aria-live=\"polite\" class=\"slides\">\n                <li style=\"display: none; width: 100%;\" class=\"slide-4371 ms-image\"><img src=\"http:\/\/www.maritimtkompani.no\/wordpress\/wp-content\/uploads\/2021\/01\/34020_Sailmon_Sailmon_MAX_1-300x300.png\" height=\"300\" width=\"300\" alt=\"\" class=\"slider-4370 slide-4371\" title=\"34020_Sailmon_Sailmon_MAX_1\" \/><\/li>\n                <li style=\"display: none; width: 100%;\" class=\"slide-4372 ms-image\"><img src=\"http:\/\/www.maritimtkompani.no\/wordpress\/wp-content\/uploads\/2021\/01\/34346_Sailmon_Sailmon_MAX_1-300x300.png\" height=\"300\" width=\"300\" alt=\"\" class=\"slider-4370 slide-4372\" title=\"34346_Sailmon_Sailmon_MAX_1\" \/><\/li>\n                <li style=\"display: none; width: 100%;\" class=\"slide-4373 ms-image\"><img src=\"http:\/\/www.maritimtkompani.no\/wordpress\/wp-content\/uploads\/2021\/01\/34346_Sailmon_Sailmon_MAX_2-300x300.png\" height=\"300\" width=\"300\" alt=\"\" class=\"slider-4370 slide-4373\" title=\"34346_Sailmon_Sailmon_MAX_2\" \/><\/li>\n                <li style=\"display: none; width: 100%;\" class=\"slide-4374 ms-image\"><img src=\"http:\/\/www.maritimtkompani.no\/wordpress\/wp-content\/uploads\/2021\/01\/Sailmon_Sailmon_MAX_1-maritimt-kompani-as-300x300.png\" height=\"300\" width=\"300\" alt=\"\" class=\"slider-4370 slide-4374\" title=\"_Sailmon_Sailmon_MAX_1 maritimt kompani as\" \/><\/li>\n                <li style=\"display: none; width: 100%;\" class=\"slide-4375 ms-image\"><img src=\"http:\/\/www.maritimtkompani.no\/wordpress\/wp-content\/uploads\/2021\/01\/sailmon-max-86-300x300.png\" height=\"300\" width=\"300\" alt=\"\" class=\"slider-4370 slide-4375\" title=\"sailmon-max-86\" \/><\/li>\n                <li style=\"display: none; width: 100%;\" class=\"slide-4376 ms-image\"><img src=\"http:\/\/www.maritimtkompani.no\/wordpress\/wp-content\/uploads\/2021\/01\/Sailmon-MAX-27-300x300.png\" height=\"300\" width=\"300\" alt=\"\" class=\"slider-4370 slide-4376\" title=\"Sailmon-MAX-27\" \/><\/li>\n            <\/ul>\n        <\/div>\n        \n    <\/div>\n<\/div>\n<\/div>\n<\/div>\n<\/div>\n<\/div>\n<\/div>\n<\/div>\n<p>&nbsp;<\/p>\n","protected":false},"excerpt":{"rendered":"<p>V\u00e5r siste og hotteste bidrag til v\u00e5re seilere er Sailmon. &#8211; Les mer p\u00e5 Sailmon sine sider Sailmon max en utrolig presist og nyttig verkt\u00f8y for alle seilere, spesielt regatta seilere p\u00e5 og av banen. Maritimt kompani har pr\u00f8vet ut en mengde sm\u00e5 seil instrumenter og dette er nok det mest komplette og adaptive. kan linkes opp mot app og man kan anlysere elementer fra seilasen i detalj med en utrolig n\u00f8yaktighet. &nbsp; Measurements &amp; Logging BSP Heading, Heel, Pitch Position, SOG, COG Augmented AWA, AWS \u00b2 Augmented TWA, TWS, TWD \u00b2 Unlimited data logging \u00b3 Features Countdown timer Distance&#8230; <\/p>\n","protected":false},"author":2,"featured_media":4349,"parent":0,"menu_order":0,"comment_status":"closed","ping_status":"closed","template":"","meta":{"_monsterinsights_skip_tracking":false,"_monsterinsights_sitenote_active":false,"_monsterinsights_sitenote_note":"","_monsterinsights_sitenote_category":0},"_links":{"self":[{"href":"http:\/\/www.maritimtkompani.no\/wordpress\/wp-json\/wp\/v2\/pages\/4350"}],"collection":[{"href":"http:\/\/www.maritimtkompani.no\/wordpress\/wp-json\/wp\/v2\/pages"}],"about":[{"href":"http:\/\/www.maritimtkompani.no\/wordpress\/wp-json\/wp\/v2\/types\/page"}],"author":[{"embeddable":true,"href":"http:\/\/www.maritimtkompani.no\/wordpress\/wp-json\/wp\/v2\/users\/2"}],"replies":[{"embeddable":true,"href":"http:\/\/www.maritimtkompani.no\/wordpress\/wp-json\/wp\/v2\/comments?post=4350"}],"version-history":[{"count":7,"href":"http:\/\/www.maritimtkompani.no\/wordpress\/wp-json\/wp\/v2\/pages\/4350\/revisions"}],"predecessor-version":[{"id":4422,"href":"http:\/\/www.maritimtkompani.no\/wordpress\/wp-json\/wp\/v2\/pages\/4350\/revisions\/4422"}],"wp:featuredmedia":[{"embeddable":true,"href":"http:\/\/www.maritimtkompani.no\/wordpress\/wp-json\/wp\/v2\/media\/4349"}],"wp:attachment":[{"href":"http:\/\/www.maritimtkompani.no\/wordpress\/wp-json\/wp\/v2\/media?parent=4350"}],"curies":[{"name":"wp","href":"https:\/\/api.w.org\/{rel}","templated":true}]}}