{"id":4477,"date":"2022-01-18T14:34:04","date_gmt":"2022-01-18T14:34:04","guid":{"rendered":"http:\/\/www.maritimtkompani.no\/wordpress\/?page_id=4477"},"modified":"2025-08-13T09:14:19","modified_gmt":"2025-08-13T09:14:19","slug":"fa-tilbud","status":"publish","type":"page","link":"http:\/\/www.maritimtkompani.no\/wordpress\/ullman-sails\/fa-tilbud\/","title":{"rendered":"F\u00c5 TILBUD"},"content":{"rendered":"<h3 style=\"text-align: left;\">Be om et godt tilbud p\u00e5 seil til din b\u00e5t idag.<\/h3>\n<p>&nbsp;<\/p>\n<table class=\" alignleft\" style=\"height: 825px; width: 97.8948%; border-collapse: collapse; border-style: none;\" border=\"0\" cellspacing=\"0\" cellpadding=\"0\">\n<tbody>\n<tr style=\"height: 758px;\">\n<td style=\"width: 60.7352%; height: 758px; text-align: left; vertical-align: top;\">\n<p>Ullman Sails internasjonalt har tilvirket seil siden 1967 og her 80 forskjellige avdelinger i over 31 land.<\/p>\n<p>V\u00e5rt m\u00e5l er \u00e5 tilvirke det seilet du \u00f8nsker og trenger, vi spesialiserer oss i hjelpe deg til \u00e5 finne den riktige seilduken og de tilpasninger som er best for deg.I utforming av alle seil er det tett dialog med kunden, designer og fabrikk som gir de beste resultater og sikrer h\u00f8yest mulig kvalitet.<br \/>\nVi bruker bare h\u00f8y standard p\u00e5 duk og detaljer som monteres p\u00e5 seilene, Contender sailcloth , Challenge sailcloth og Dimension-Polyant er foretrukkene duk-produsenter, med Rutgerson, Seld\u00e8n mast, Antal osv.<\/p>\n<p>Derfor s\u00e5 er det ofte noen sp\u00f8rsm\u00e5l som vi \u00f8nsker \u00e5 stille.<\/p>\n\t\r\n\t\r\n\t\t\t\t\t\t<form  name= \"wpdevart_frontend_form_9\" id='wpdevart-forms-9' class=\"wpdevart-forms default-skin forms-general-styling\" method='post'  action='' enctype='multipart\/form-data'>\r\n\t\r\n\t\t\t\t\t\t                                            <!--bfh-number -->\r\n                                            <div class=\"wpdevart-input-field \">\r\n                                                 \r\n                                                        <label>Fornavn<\/label>\r\n                                                        \r\n                                                <div class=\"input-text input-field-inner\">\r\n                                                    \r\n                                                    <input  type=\"text\"  \r\n                                                            id =\"input-field-67\"\r\n                                                            name=\"label_67\"   required                                                            value=\"\" class=\"form-control  \" \r\n                                                            placeholder=\"\" \r\n                                                             \r\n                                                           \/>\r\n                                                <\/div>\r\n                                            <\/div>\r\n\t\t\t\t\t\t\t\t\t\t                                            <!--bfh-number -->\r\n                                            <div class=\"wpdevart-input-field \">\r\n                                                 \r\n                                                        <label>Etternavn<\/label>\r\n                                                        \r\n                                                <div class=\"input-text input-field-inner\">\r\n                                                    \r\n                                                    <input  type=\"text\"  \r\n                                                            id =\"input-field-68\"\r\n                                                            name=\"label_68\"   required                                                            value=\"\" class=\"form-control  \" \r\n                                                            placeholder=\"\" \r\n                                                             \r\n                                                           \/>\r\n                                                <\/div>\r\n                                            <\/div>\r\n\t\t\t\t\t\t\t\t\t\t                                            <!--bfh-number -->\r\n                                            <div class=\"wpdevart-input-field \">\r\n                                                 \r\n                                                        <label>E-post adresse<\/label>\r\n                                                        \r\n                                                <div class=\"input-text input-field-inner\">\r\n                                                    \r\n                                                    <input  type=\"text\"  \r\n                                                            id =\"input-field-69\"\r\n                                                            name=\"label_69\"   required                                                            value=\"\" class=\"form-control  \" \r\n                                                            placeholder=\"\" \r\n                                                             \r\n                                                           \/>\r\n                                                <\/div>\r\n                                            <\/div>\r\n\t\t\t\t\t\t\t\t\t\t                                            <!--bfh-number -->\r\n                                            <div class=\"wpdevart-input-field \">\r\n                                                 \r\n                                                        <label>B\u00e5t type model<\/label>\r\n                                                        \r\n                                                <div class=\"input-text input-field-inner\">\r\n                                                    \r\n                                                    <input  type=\"text\"  \r\n                                                            id =\"input-field-70\"\r\n                                                            name=\"label_70\"   required                                                            value=\"\" class=\"form-control  \" \r\n                                                            placeholder=\"\" \r\n                                                             \r\n                                                           \/>\r\n                                                <\/div>\r\n                                            <\/div>\r\n\t\t\t\t\t\t\t\t\t\t                                            <!--bfh-number -->\r\n                                            <div class=\"wpdevart-input-field \">\r\n                                                 \r\n                                                        <label>Seilnr<\/label>\r\n                                                        \r\n                                                <div class=\"input-text input-field-inner\">\r\n                                                    \r\n                                                    <input  type=\"text\"  \r\n                                                            id =\"input-field-80\"\r\n                                                            name=\"label_80\"   required                                                            value=\"\" class=\"form-control  \" \r\n                                                            placeholder=\"\" \r\n                                                             \r\n                                                           \/>\r\n                                                <\/div>\r\n                                            <\/div>\r\n\t\t\t\t\t\t\t\t\t\t                                            <!--bfh-number -->\r\n                                            <div class=\"wpdevart-input-field \">\r\n                                                 \r\n                                                        <label>Hvor befinner b\u00e5ten seg<\/label>\r\n                                                        \r\n                                                <div class=\"input-text input-field-inner\">\r\n                                                    \r\n                                                    <input  type=\"text\"  \r\n                                                            id =\"input-field-79\"\r\n                                                            name=\"label_79\"                                                               value=\"\" class=\"form-control  \" \r\n                                                            placeholder=\"\" \r\n                                                             \r\n                                                           \/>\r\n                                                <\/div>\r\n                                            <\/div>\r\n\t\t\t\t\t\t\t\t\t\t\t\t\t\t\t\t\t\t\t<div class=\"wpdevart-sub-fields\">\r\n\t\r\n\t\t\t\t\t\t\t\t\t \r\n\t\t\t\t\t\t\t\t\t\t\t<label>Jeg \u00f8nsker tilbud p\u00e5<\/label>\r\n\t\t\t\t\t\t\t\t\t\t\r\n\t\t\t\t\t\t\t\t\t<div class=\"wpdevart-sub-fields-inner\">\r\n\t\t\t\t\t\t\t\t\t<div class='wpdevart-select'><select name='label_71' class='form-control'>\t\t\t\t\t\t\t\t\t\t\t<!-- defualt options value will be equal to the $key in the loop -->\r\n\t\t\t\t\t\t\t\t\t\t\t<option Storseil  >\r\n\t\t\t\t\t\t\t\t\t\t\tStorseil\t\t\t\t\t\t\t\t\t\t\t<\/option>\t\t\t\t\t\t\t\t\t\t\t<!-- defualt options value will be equal to the $key in the loop -->\r\n\t\t\t\t\t\t\t\t\t\t\t<option Genoa  >\r\n\t\t\t\t\t\t\t\t\t\t\tGenoa\t\t\t\t\t\t\t\t\t\t\t<\/option>\t\t\t\t\t\t\t\t\t\t\t<!-- defualt options value will be equal to the $key in the loop -->\r\n\t\t\t\t\t\t\t\t\t\t\t<option Spinnaker  >\r\n\t\t\t\t\t\t\t\t\t\t\tSpinnaker\t\t\t\t\t\t\t\t\t\t\t<\/option>\t\t\t\t\t\t\t\t\t\t\t<!-- defualt options value will be equal to the $key in the loop -->\r\n\t\t\t\t\t\t\t\t\t\t\t<option Gennaker  >\r\n\t\t\t\t\t\t\t\t\t\t\tGennaker\t\t\t\t\t\t\t\t\t\t\t<\/option>\t\t\t\t\t\t\t\t\t\t\t<!-- defualt options value will be equal to the $key in the loop -->\r\n\t\t\t\t\t\t\t\t\t\t\t<option Code 0  >\r\n\t\t\t\t\t\t\t\t\t\t\tCode 0\t\t\t\t\t\t\t\t\t\t\t<\/option>\t\t\t\t\t\t\t\t\t\t\t<!-- defualt options value will be equal to the $key in the loop -->\r\n\t\t\t\t\t\t\t\t\t\t\t<option Stagseil  >\r\n\t\t\t\t\t\t\t\t\t\t\tStagseil\t\t\t\t\t\t\t\t\t\t\t<\/option><\/select><\/div>\t\t\t\t\t\t\t\t\t<\/div><\/div>\r\n\t\t\t\t\t\t\t\t\t\t\t\t\t\t\t\t\t\t<div class=\"wpdevart-sub-fields\">\r\n\t\r\n\t\t\t\t\t\t\t\t\t \r\n\t\t\t\t\t\t\t\t\t\t\t<label>Hvordan beskriver du seilvanene dine?<\/label>\r\n\t\t\t\t\t\t\t\t\t\t\r\n\t\t\t\t\t\t\t\t\t<div class=\"wpdevart-sub-fields-inner\">\r\n\t\t\t\t\t\t\t\t\t<div class='wpdevart-select'><select name='label_77' class='form-control'>\t\t\t\t\t\t\t\t\t\t\t<!-- defualt options value will be equal to the $key in the loop -->\r\n\t\t\t\t\t\t\t\t\t\t\t<option Jeg seiler mest p\u00e5 rolige helgeturer  >\r\n\t\t\t\t\t\t\t\t\t\t\tJeg seiler mest p\u00e5 rolige helgeturer\t\t\t\t\t\t\t\t\t\t\t<\/option>\t\t\t\t\t\t\t\t\t\t\t<!-- defualt options value will be equal to the $key in the loop -->\r\n\t\t\t\t\t\t\t\t\t\t\t<option Jeg liker lengre turer med litt utfordring  >\r\n\t\t\t\t\t\t\t\t\t\t\tJeg liker lengre turer med litt utfordring\t\t\t\t\t\t\t\t\t\t\t<\/option>\t\t\t\t\t\t\t\t\t\t\t<!-- defualt options value will be equal to the $key in the loop -->\r\n\t\t\t\t\t\t\t\t\t\t\t<option Lange turer og ekspedisjoner  >\r\n\t\t\t\t\t\t\t\t\t\t\tLange turer og ekspedisjoner\t\t\t\t\t\t\t\t\t\t\t<\/option>\t\t\t\t\t\t\t\t\t\t\t<!-- defualt options value will be equal to the $key in the loop -->\r\n\t\t\t\t\t\t\t\t\t\t\t<option Regatta lokalt  >\r\n\t\t\t\t\t\t\t\t\t\t\tRegatta lokalt\t\t\t\t\t\t\t\t\t\t\t<\/option>\t\t\t\t\t\t\t\t\t\t\t<!-- defualt options value will be equal to the $key in the loop -->\r\n\t\t\t\t\t\t\t\t\t\t\t<option Internasjonal regatta  >\r\n\t\t\t\t\t\t\t\t\t\t\tInternasjonal regatta\t\t\t\t\t\t\t\t\t\t\t<\/option><\/select><\/div>\t\t\t\t\t\t\t\t\t<\/div><\/div>\r\n\t\t\t\t\t\t\t\t\t\t\t\t\t\t\t\t\t\t<div class=\"wpdevart-sub-fields\">\r\n\t\r\n\t\t\t\t\t\t\t\t\t \r\n\t\t\t\t\t\t\t\t\t\t\t<label>Hva er viktigst for deg i et seil?<\/label>\r\n\t\t\t\t\t\t\t\t\t\t\r\n\t\t\t\t\t\t\t\t\t<div class=\"wpdevart-sub-fields-inner\">\r\n\t\t\t\t\t\t\t\t\t\t\t\t\t\t\t\t\t\t\t\t<span class=\"checkboxradios\">\r\n\t\t\t\t\t\t\t\t\t\t\t\t<input type=\"checkbox\"   name=\"sublabel_73[]\" id=\"sublabel_73_1\" value=\"Holdbarhet og lite vedlikehold\"  \/>\r\n                                                <label for=\"sublabel_73_1\"><span><\/span> Holdbarhet og lite vedlikehold<\/label>\r\n\t\t\t\t\t\t\t\t\t\t\t<\/span>\r\n\t\t\t\t\t\t\t\t\t\t\t\t\t\t\t\t\t\t\t\t\t\t<span class=\"checkboxradios\">\r\n\t\t\t\t\t\t\t\t\t\t\t\t<input type=\"checkbox\"   name=\"sublabel_73[]\" id=\"sublabel_73_2\" value=\"Allsidighet, god ytelse og holdbarhet\"  \/>\r\n                                                <label for=\"sublabel_73_2\"><span><\/span> Allsidighet, god ytelse og holdbarhet<\/label>\r\n\t\t\t\t\t\t\t\t\t\t\t<\/span>\r\n\t\t\t\t\t\t\t\t\t\t\t\t\t\t\t\t\t\t\t\t\t\t<span class=\"checkboxradios\">\r\n\t\t\t\t\t\t\t\t\t\t\t\t<input type=\"checkbox\"   name=\"sublabel_73[]\" id=\"sublabel_73_3\" value=\"Maksimal fart og presisjon\"  \/>\r\n                                                <label for=\"sublabel_73_3\"><span><\/span> Maksimal fart og presisjon<\/label>\r\n\t\t\t\t\t\t\t\t\t\t\t<\/span>\r\n\t\t\t\t\t\t\t\t\t\t\t\t\t\t\t\t\t\t\t\t<\/div><\/div>\r\n\t\t\t\t\t\t\t\t\t\t\t\t\t\t\t\t\t\t<div class=\"wpdevart-textarea\">\r\n\t\t\t\t\t\t\t\t\t\t \r\n\t\t\t\t\t\t\t\t\t\t\t\t<label>Kommentar <\/label> \r\n\t\t\t\t\t\t\t\t\t\t \r\n\t\t\t\t\t\t\t\t\t\t<textarea name=\"label_78\" placeholder=\"\"><\/textarea> \r\n\t\t\t\t\t\t\t\t\t<\/div>\r\n\t\t\t\t\t\t\t\t\t\t\r\n   \r\n                   \r\n\t\t\t\t\t   \t\t\t\t\t\t<input type=\"hidden\" name=\"form_id\" value=\"9\" \/>  \r\n\t\t\t\t\t\t<!--<input type=\"submit\" value='Send oss en e-post ' id=\"btn_send_form_email_9\" name=\"btn_send_form_email\" \/>-->\r\n\t\t\t\t\t\t<button type=\"submit\" name=\"btn_send_form_email\" id=\"btn_send_form_email_9\" >Send oss en e-post <\/button>\r\n\t\t\t\t\t\t                            <button type=\"reset\" name=\"reset\" class='ws-reset-form' data-attr='9'>Reset<\/button> \r\n                            \t\r\n\t\t\t\t\t  <span id=\"loader-icon-9\" style=\"display:none;\" class=\"form-loader\">\r\n\t\t\t\t\t\t<img src=\"http:\/\/www.maritimtkompani.no\/wordpress\/wp-content\/plugins\/contact-forms-builder\/\/assets\/images\/loader.gif\" \/>\r\n\t\t\t\t\t  <\/span>\r\n\t\r\n\t\t\t\t   <\/form>\r\n\t\r\n\t\t\t\t\t\t<div id=\"frontend_form_messages_9\" style=\"margin-top:10px; margin-bottom:10px;\"><\/div>\r\n\t\r\n\t\t\t\t   <script>\r\n\t\r\n\t\t\t\t\t\/\/ Document\r\n\t\t\t\t\tjQuery( document ).ready(function() {\r\n\t\t\t\t\t\t\/\/\tDon't submit form on enter, allow enter button only for texts\r\n\t\t\t\t\t\tjQuery(document).on(\"keypress\", \":input:not(textarea)\", function(event) {\r\n\t\t\t\t\t\t\treturn event.keyCode != 13;\r\n\t\t\t\t\t\t});\r\n\t\r\n\t\t\t\t\t\t\/\/ Do not use previous password saved in broswer for passowrd field\r\n\t\t\t\t\t\tjQuery(\"input[type='password']\").attr(\"autocomplete\", \"new-password\");\r\n\t\r\n\t\t\t\t\t\t\/\/handle form submission\r\n\t\t\t\t\t\t\/\/jQuery(\"form[name='wpdevart_frontend_form_9']\").submit(function(e){\r\n\t\t\t\t\t\tjQuery(document).on(\"submit\", \"form[name='wpdevart_frontend_form_9']\", function(e) {\r\n\t\t\t\t\t\t\t\/\/shortcode attributes e.g\r\n\t\t\t\t\t\t\tvar atts = {\"id\":\"9\"};\r\n\t\t\t\t\t\t\tvar options = { \r\n\t\t\t\t\t\t\t\t\/\/target:'#frontend_form_messages_9',   \/\/ target element(s) to be updated with server response \r\n\t\t\t\t\t\t\t\t\/\/ other available options: \r\n\t\t\t\t\t\t\t\t url:\"http:\/\/www.maritimtkompani.no\/wordpress\/wp-admin\/admin-ajax.php\",        \/\/ override for form's 'action' attribute \r\n\t\t\t\t\t\t\t\t\/\/url:\"http:\/\/www.maritimtkompani.no\/wordpress\/wp-content\/plugins\/contact-forms-builder\/check-ajax.php\",\r\n\t\t\t\t\t\t\t\tdata:{'btn_send_form_email':'1','process_ajax':'1','atts':JSON.stringify(atts),'action':'get_post_information'},\r\n\t\t\t\t\t\t\t\t\/\/type:      type        \/\/ 'get' or 'post', override for form's 'method' attribute \r\n\t\t\t\t\t\t\t\t\/\/dataType:  null        \/\/ 'xml', 'script', or 'json' (expected server response type) \r\n\t\t\t\t\t\t\t\t\/\/clearForm: true ,       \/\/ clear all form fields after successful submit \r\n\t\t\t\t\t\t\t\t\/\/resetForm: true  ,      \/\/ reset the form after successful submit \r\n\t\r\n\t\t\t\t\t\t\t\t\/\/ $.ajax options can be used here too, for example: \r\n\t\t\t\t\t\t\t\t\/\/timeout:   3000 \r\n\t\r\n\t\t\t\t\t\t\t\tbeforeSubmit: function() {\r\n\t\t\t\t\t\t\t\t\tjQuery(\"#loader-icon-9\").show();\r\n\t\t\t\t\t\t\t\t},\r\n\t\t\t\t\t\t\t\tsuccess:showResponse, \/\/ post-submit callback \r\n\t\t\t\t\t\t\t }; \r\n\t\r\n\t\t\t\t\t\t\t\/\/ inside event callbacks 'this' is the DOM element so we first \r\n\t\t\t\t\t\t\t\/\/ wrap it in a jQuery object and then invoke ajaxSubmit \r\n\t\t\t\t\t\t\tjQuery(this).ajaxSubmit(options); \r\n\t\r\n\t\t\t\t\t\t\t\/\/ !!! Important !!! \r\n\t\t\t\t\t\t\t\/\/ always return false to prevent standard browser submit and page navigation \r\n\t\t\t\t\t\t\treturn false; \r\n\t\t\t\t\t\t}); \r\n\t\r\n\t\r\n\t\t\t\t\t\tfunction showResponse(responseText, statusText, xhr, $form) {\r\n\t\t\t\t\t\t\tstr = responseText;\r\n\t\t\t\t\t\t\t\/\/replace first occurence \r\n\t\t\t\t\t\t\tstr = str.replace(\"successmsg_\", \" \"); \r\n\t\t\t\t\t\t\t\/\/ append response\r\n\t\r\n\t\t\t\t\t\t\tjQuery(\"#frontend_form_messages_9\").text(\" \");\r\n\t\t\t\t\t\t\tjQuery(\"#frontend_form_messages_9\").append(str);\r\n\t\t\t\t\t\t\tsetTimeout(function(){ \r\n\t\t\t\t\t\t\t\t\/\/jQuery(\"#frontend_form_messages_9 .success_message9\").fadeout(); \r\n\t\t\t\t\t\t\t\tjQuery(\"#frontend_form_messages_9 .success_message\").fadeOut();\r\n\t\t\t\t\t\t\t}, 5000);\r\n\t\r\n\t\t\t\t\t\t\t\/\/\tresponseText  , updates the div in target specified in options\r\n\t\t\t\t\t\t\tjQuery(\"#loader-icon-9\").hide();\r\n\t\r\n\t\t\t\t\t\t\tvar matched = responseText.search('successmsg_');\r\n\t\t\t\t\t\t\tif(matched != -1) {\r\n\t\r\n\t\t\t\t\t\t\t\tvar formId = \"9\";\r\n\t\t\t\t\t\t\t\t\r\n\t\r\n\t\t\t\t\t\t\t\tsetTimeout(function(){\r\n\t\t\t\t\t\t\t\t\t\t jQuery('#wpdevart-forms-9')[0].reset(); \r\n\t\t\t\t\t\t\t\t\t\t jQuery(\"#wpdevart-forms-\"+formId).each(function() {\r\n\t\t\t\t\t\t\t\t\t\t\t\r\n\t\t\t\t\t\t\t\t\t\t\t\r\n\t\t\t\t\t\t\t\t\t\t});\r\n\t\t\t\t\t\t\t\t },100);\r\n\t\t\t\t\t\t\t }\r\n\t\r\n\t\t\t\t\t\treturn false;\r\n\t\r\n\t\t\t\t\t\t}\r\n\t\t\t\t\t\tfunction showRequest() {\r\n\t\t\t\t\t\t\treturn false;\r\n\t\t\t\t\t\t}\r\n\t\r\n\t\t\t\t\t\tjQuery(document).on(\"click\",\"[type=reset].ws-reset-form\",function(e){\r\n\t\t\t\t\t\t\tformId= jQuery(this).attr('data-attr');\r\n\t\t\t\t\t\t\t\/\/reset\r\n\t\t\t\t\t\t\tjQuery(\"#wpdevart-forms-\"+formId).each(function(){\r\n\t\t\t\t\t\t\t\t\r\n\t\t\t\t\t\t\t\t\t\r\n\t\t\t\t\t\t\t\t\tjQuery(\"#wpdevart-forms-\"+formId)[0].reset();\r\n\t\t\t\t\t\t\t\t});\r\n\t\r\n\t\t\t\t\t\t\treturn false;\r\n\t\r\n\t\t\t\t\t\t});\r\n\t\t\t\t\t});\r\n\t\r\n\t\t\t\t\t<\/script>\r\n\t\t\t\t\n<p>Vi gj\u00f8r ogs\u00e5 tilpasninger som rullesystem som til fokk, genoa, gennakere og Code 0.<\/td>\n<td style=\"width: 4.29379%; text-align: left; vertical-align: top;\">\n<h5><\/h5>\n<\/td>\n<td style=\"width: 34.9172%; height: 758px; text-align: left; vertical-align: top;\">\n<h5>Gjerne send oss en e-post idag.<\/h5>\n<p>Vi bidrar med r\u00e5d og et gunstig pristilbud p\u00e5 seil til din b\u00e5t.<\/p>\n<ul>\n<li>\n<h6>E-post :<strong><span style=\"color: #000080;\"> <a style=\"color: #000080;\" href=\"mailto:post@maritimtkompani.no\">post@maritimtkompani.no<\/a><\/span><\/strong><\/h6>\n<\/li>\n<li>\n<h6>Telefon: +47 73 50 30 00 \/ +47 971 29 500<\/h6>\n<\/li>\n<\/ul>\n<p><img loading=\"lazy\" class=\"alignright wp-image-4627 size-large\" src=\"http:\/\/www.maritimtkompani.no\/wordpress\/wp-content\/uploads\/2025\/08\/US_Northeast-1024x681.jpg\" alt=\"\" width=\"1024\" height=\"681\" srcset=\"http:\/\/www.maritimtkompani.no\/wordpress\/wp-content\/uploads\/2025\/08\/US_Northeast-1024x681.jpg 1024w, http:\/\/www.maritimtkompani.no\/wordpress\/wp-content\/uploads\/2025\/08\/US_Northeast-300x200.jpg 300w, http:\/\/www.maritimtkompani.no\/wordpress\/wp-content\/uploads\/2025\/08\/US_Northeast-768x511.jpg 768w, http:\/\/www.maritimtkompani.no\/wordpress\/wp-content\/uploads\/2025\/08\/US_Northeast.jpg 1200w\" sizes=\"(max-width: 1024px) 100vw, 1024px\" \/><\/p>\n<p><img loading=\"lazy\" class=\"alignright wp-image-4632 size-large\" src=\"http:\/\/www.maritimtkompani.no\/wordpress\/wp-content\/uploads\/2025\/08\/ullman-sails-san-diego-navigator-series-product-series-page-1-1024x680.jpg\" alt=\"\" width=\"1024\" height=\"680\" srcset=\"http:\/\/www.maritimtkompani.no\/wordpress\/wp-content\/uploads\/2025\/08\/ullman-sails-san-diego-navigator-series-product-series-page-1-1024x680.jpg 1024w, http:\/\/www.maritimtkompani.no\/wordpress\/wp-content\/uploads\/2025\/08\/ullman-sails-san-diego-navigator-series-product-series-page-1-300x199.jpg 300w, http:\/\/www.maritimtkompani.no\/wordpress\/wp-content\/uploads\/2025\/08\/ullman-sails-san-diego-navigator-series-product-series-page-1-768x510.jpg 768w, http:\/\/www.maritimtkompani.no\/wordpress\/wp-content\/uploads\/2025\/08\/ullman-sails-san-diego-navigator-series-product-series-page-1-1536x1020.jpg 1536w, http:\/\/www.maritimtkompani.no\/wordpress\/wp-content\/uploads\/2025\/08\/ullman-sails-san-diego-navigator-series-product-series-page-1.jpg 1625w\" sizes=\"(max-width: 1024px) 100vw, 1024px\" \/><\/p>\n<p>&nbsp;<\/p>\n<p>&nbsp;<\/p>\n<p><img loading=\"lazy\" class=\"alignright wp-image-4628 size-large\" src=\"http:\/\/www.maritimtkompani.no\/wordpress\/wp-content\/uploads\/2025\/08\/Safire-1024x683.jpeg\" alt=\"\" width=\"1024\" height=\"683\" srcset=\"http:\/\/www.maritimtkompani.no\/wordpress\/wp-content\/uploads\/2025\/08\/Safire-1024x683.jpeg 1024w, http:\/\/www.maritimtkompani.no\/wordpress\/wp-content\/uploads\/2025\/08\/Safire-300x200.jpeg 300w, http:\/\/www.maritimtkompani.no\/wordpress\/wp-content\/uploads\/2025\/08\/Safire-768x512.jpeg 768w, http:\/\/www.maritimtkompani.no\/wordpress\/wp-content\/uploads\/2025\/08\/Safire-1536x1024.jpeg 1536w, http:\/\/www.maritimtkompani.no\/wordpress\/wp-content\/uploads\/2025\/08\/Safire.jpeg 1800w\" sizes=\"(max-width: 1024px) 100vw, 1024px\" \/><\/p>\n<p>&nbsp;<\/p>\n<p>&nbsp;<\/td>\n<\/tr>\n<\/tbody>\n<\/table>\n<p><img loading=\"lazy\" class=\"size-full wp-image-4210 alignleft\" src=\"http:\/\/www.maritimtkompani.no\/wordpress\/wp-content\/uploads\/2020\/11\/Slider-ULLMAN-SAILS-1440X700.jpg\" alt=\"\" width=\"1440\" height=\"600\" srcset=\"http:\/\/www.maritimtkompani.no\/wordpress\/wp-content\/uploads\/2020\/11\/Slider-ULLMAN-SAILS-1440X700.jpg 1440w, http:\/\/www.maritimtkompani.no\/wordpress\/wp-content\/uploads\/2020\/11\/Slider-ULLMAN-SAILS-1440X700-300x125.jpg 300w, http:\/\/www.maritimtkompani.no\/wordpress\/wp-content\/uploads\/2020\/11\/Slider-ULLMAN-SAILS-1440X700-1024x427.jpg 1024w, http:\/\/www.maritimtkompani.no\/wordpress\/wp-content\/uploads\/2020\/11\/Slider-ULLMAN-SAILS-1440X700-768x320.jpg 768w\" sizes=\"(max-width: 1440px) 100vw, 1440px\" \/><\/p>\n","protected":false},"excerpt":{"rendered":"<p>Be om et godt tilbud p\u00e5 seil til din b\u00e5t idag. &nbsp; Ullman Sails internasjonalt har tilvirket seil siden 1967 og her 80 forskjellige avdelinger i over 31 land. V\u00e5rt m\u00e5l er \u00e5 tilvirke det seilet du \u00f8nsker og trenger, vi spesialiserer oss i hjelpe deg til \u00e5 finne den riktige seilduken og de tilpasninger som er best for deg.I utforming av alle seil er det tett dialog med kunden, designer og fabrikk som gir de beste resultater og sikrer h\u00f8yest mulig kvalitet. Vi bruker bare h\u00f8y standard p\u00e5 duk og detaljer som monteres p\u00e5 seilene, Contender sailcloth , Challenge&#8230; <\/p>\n","protected":false},"author":2,"featured_media":0,"parent":4,"menu_order":0,"comment_status":"closed","ping_status":"closed","template":"page-templates\/template-full-width.php","meta":{"_monsterinsights_skip_tracking":false,"_monsterinsights_sitenote_active":false,"_monsterinsights_sitenote_note":"","_monsterinsights_sitenote_category":0},"_links":{"self":[{"href":"http:\/\/www.maritimtkompani.no\/wordpress\/wp-json\/wp\/v2\/pages\/4477"}],"collection":[{"href":"http:\/\/www.maritimtkompani.no\/wordpress\/wp-json\/wp\/v2\/pages"}],"about":[{"href":"http:\/\/www.maritimtkompani.no\/wordpress\/wp-json\/wp\/v2\/types\/page"}],"author":[{"embeddable":true,"href":"http:\/\/www.maritimtkompani.no\/wordpress\/wp-json\/wp\/v2\/users\/2"}],"replies":[{"embeddable":true,"href":"http:\/\/www.maritimtkompani.no\/wordpress\/wp-json\/wp\/v2\/comments?post=4477"}],"version-history":[{"count":28,"href":"http:\/\/www.maritimtkompani.no\/wordpress\/wp-json\/wp\/v2\/pages\/4477\/revisions"}],"predecessor-version":[{"id":4480,"href":"http:\/\/www.maritimtkompani.no\/wordpress\/wp-json\/wp\/v2\/pages\/4477\/revisions\/4480"}],"up":[{"embeddable":true,"href":"http:\/\/www.maritimtkompani.no\/wordpress\/wp-json\/wp\/v2\/pages\/4"}],"wp:attachment":[{"href":"http:\/\/www.maritimtkompani.no\/wordpress\/wp-json\/wp\/v2\/media?parent=4477"}],"curies":[{"name":"wp","href":"https:\/\/api.w.org\/{rel}","templated":true}]}}