{"id":59,"date":"2011-02-21T14:59:08","date_gmt":"2011-02-21T14:59:08","guid":{"rendered":"http:\/\/www.maritimtkompani.no\/"},"modified":"2017-02-27T17:52:47","modified_gmt":"2017-02-27T17:52:47","slug":"partnere","status":"publish","type":"page","link":"http:\/\/www.maritimtkompani.no\/wordpress\/partnere\/","title":{"rendered":"Partnere"},"content":{"rendered":"<table dir=\"ltr\" border=\"0\" frame=\"above\" rules=\"none\" cellspacing=\"5\" cellpadding=\"5\" align=\"left\">\n<tbody>\n<tr>\n<td align=\"left\" valign=\"top\">\n<p><a href=\"http:\/\/torbaatservice.no\/\">Tors b\u00e5tservice AS<\/a><\/p>\n<p><strong>Tor\u00a0B\u00e5tservice AS<\/strong>\u00a0ble etablert i 2009\u00a0 av Tor-Inge Hveem Johannessen, med base i Trondheim. Firmaet utf\u00f8rer alle former for vedlikehold, service, og reparasjoner p\u00e5 elektrisk anlegg, glassfiberskrog, innenbordsmotorer, drev, gir, og propeller til fritidsb\u00e5ter. Firmaet er lokalisert p\u00e5 Kai 19, samme bygg som Maritimt kompani.<\/p>\n<p>Tor Inge har over 15 \u00e5rs erfaring med service og salg av b\u00e5tmotorer og utstyr til b\u00e5t.<\/p>\n<address><!--more--><\/address>\n<\/td>\n<td align=\"right\" valign=\"top\">\n<div class=\"irc_mimg irc_hic iKEQBX1_HbN8-lvVgf-rIiHk\">\/<img loading=\"lazy\" class=\"irc_mi alignright\" src=\"http:\/\/torbaatservice.no\/wp-content\/uploads\/2013\/11\/MainLOGO4.jpg\" alt=\"Bilderesultat for tors b\u00e5tservice\" width=\"127\" height=\"90\" \/><\/div>\n<\/td>\n<\/tr>\n<tr>\n<td align=\"left\" valign=\"top\">\n<p><a href=\"http:\/\/www.carlstahl.no\/\">Carl Stahl <\/a><\/p>\n<p>Carl Stahl AS er den norske divisjonen av Carl Stahl GmbH og ble etablert i Bergen i 2000. Siden den gang har vi blitt en ledende leverand\u00f8r av l\u00f8fte- og fort\u00f8yningsutstyr, samt service og sertifisering av l\u00f8fteutstyr til offshore og onshorebransjen i Norge. Vi har betydelig kompetanse p\u00e5 l\u00f8ft, og fungerer i mange tilfeller som tekniske r\u00e5dgivere for v\u00e5re kunder.<!--more--><\/td>\n<td align=\"right\" valign=\"top\"><img loading=\"lazy\" src=\"http:\/\/img.shanghaiamts.com\/UploadFiles\/common\/2016\/7\/20160708173423149769240.jpg\" alt=\"http:\/\/img.shanghaiamts.com\/UploadFiles\/common\/2016\/7\/20160708173423149769240.jpg\" width=\"170\" height=\"87\" \/><\/td>\n<\/tr>\n<tr>\n<td align=\"left\" valign=\"top\">\n<p><a href=\"http:\/\/www.haug.no\/\" target=\"_blank\">Erling Haug AS<\/a><\/p>\n<p>Erling Haug AS er en ledende leverand\u00f8r av produkter og tjenester til handel, industri, offentlige etater, offshore og annen maritim virksomhet. I tillegg til \u00e5 v\u00e6re grossist og storbrukerleverand\u00f8r av et vidt varespekter til disse sektorene, utf\u00f8rer vi kontroll og sertifisering av l\u00f8fteredskaper og maritimt redningsmateriell.<\/p>\n<p><!--more--><\/td>\n<td align=\"right\" valign=\"top\"><a href=\"http:\/\/www.haug.no\/\" target=\"_blank\"><img loading=\"lazy\" title=\"Ering-haug-logo\" src=\"http:\/\/www.maritimtkompani.no\/wordpress\/wp-content\/uploads\/2011\/02\/Ering-haug-logo-300x30.gif\" alt=\"\" width=\"250\" height=\"30\" \/><\/a><\/td>\n<\/tr>\n<tr>\n<td align=\"left\" valign=\"top\">\n<p><a href=\"https:\/\/bluewave.dk\/\" target=\"_blank\"><b>Blue Wave Rigging Hardware<\/b><\/a><\/p>\n<p>After 85 years, established in 1932, in the business with manufacturing located in Haderslev, Denmark, Blue Wave A\/S is currently in its third generation, as a family owned and run Manufacturing Company. The Blue Wave crew consists of 35 dedicated and skilled employees, some of them have been with us for more than 25 years.<\/p>\n<h3><!--more--><\/h3>\n<\/td>\n<td align=\"right\" valign=\"top\"><a href=\"http:\/\/selfa.no\/no\" target=\"_blank\"><img loading=\"lazy\" class=\"transparent\" src=\"https:\/\/bluewave.dk\/wp-content\/uploads\/2015\/03\/logo.png\" alt=\"https:\/\/bluewave.dk\/wp-content\/uploads\/2015\/03\/logo.png\" width=\"152\" height=\"74\" \/>\u00a0<\/a><\/td>\n<\/tr>\n<tr>\n<td>\n<p><a href=\"https:\/\/www.flak.no\/\" target=\"_blank\">\u00a0FLAK AS <\/a><\/p>\n<p>Flak er Norges ledende grossist innen seil- og b\u00e5tutstyr. Vi h\u00f8rer til i S\u00f8rlandsparken ved Kristiansand. Vi selger\u00a0til b\u00e5tutstyrsbutikker og b\u00e5tbyggere\/industri i hele Norge. Vi har et rikholdig og dynamisk sortiment av b\u00e5tutstyr. Det er dessverre ikke mulig for privatkunder \u00e5 kj\u00f8pe direkte av oss, men v\u00e5re\u00a0mange, gode forhandlere vil gjerne hjelpe deg \u00e5 oppn\u00e5 trivsel ombord!<\/p>\n<p><!--more--><\/td>\n<td>\u00a0<img loading=\"lazy\" class=\"transparent alignright\" src=\"http:\/\/kameleon.aeston.no\/Res\/kam-marinvent.w2k8web.aeston.no\/Bilder\/Flak%20Logo.png\" alt=\"http:\/\/kameleon.aeston.no\/Res\/kam-marinvent.w2k8web.aeston.no\/Bilder\/Flak%20Logo.png\" width=\"169\" height=\"83\" \/><\/td>\n<\/tr>\n<tr>\n<td>\n<p><a href=\"http:\/\/www.watski.no\/\" target=\"_blank\">Watski AB <\/a><\/p>\n<p>Watski er en ledende b\u00e5tutstyrsgrossist i Norden. Watski distribuerer ledende varemerker samt produkter under Watskis eget varemerke. Produktene selges via v\u00e5re forhandlere rundt om i Norden og Tyskland.<\/p>\n<p><!--more--><\/td>\n<td>\u00a0<img loading=\"lazy\" class=\"shrinkToFit alignright\" src=\"http:\/\/torbaatservice.no\/wp-content\/uploads\/2015\/06\/Watski_logo_silver.jpg\" alt=\"http:\/\/torbaatservice.no\/wp-content\/uploads\/2015\/06\/Watski_logo_silver.jpg\" width=\"170\" height=\"67\" \/><\/td>\n<\/tr>\n<\/tbody>\n<\/table>\n<p>&nbsp;<\/p>\n","protected":false},"excerpt":{"rendered":"<p>Tors b\u00e5tservice AS Tor\u00a0B\u00e5tservice AS\u00a0ble etablert i 2009\u00a0 av Tor-Inge Hveem Johannessen, med base i Trondheim. Firmaet utf\u00f8rer alle former for vedlikehold, service, og reparasjoner p\u00e5 elektrisk anlegg, glassfiberskrog, innenbordsmotorer, drev, gir, og propeller til fritidsb\u00e5ter. Firmaet er lokalisert p\u00e5 Kai 19, samme bygg som Maritimt kompani. Tor Inge har over 15 \u00e5rs erfaring med service og salg av b\u00e5tmotorer og utstyr til b\u00e5t.<\/p>\n","protected":false},"author":1,"featured_media":0,"parent":0,"menu_order":0,"comment_status":"closed","ping_status":"closed","template":"","meta":{"_monsterinsights_skip_tracking":false,"_monsterinsights_sitenote_active":false,"_monsterinsights_sitenote_note":"","_monsterinsights_sitenote_category":0},"_links":{"self":[{"href":"http:\/\/www.maritimtkompani.no\/wordpress\/wp-json\/wp\/v2\/pages\/59"}],"collection":[{"href":"http:\/\/www.maritimtkompani.no\/wordpress\/wp-json\/wp\/v2\/pages"}],"about":[{"href":"http:\/\/www.maritimtkompani.no\/wordpress\/wp-json\/wp\/v2\/types\/page"}],"author":[{"embeddable":true,"href":"http:\/\/www.maritimtkompani.no\/wordpress\/wp-json\/wp\/v2\/users\/1"}],"replies":[{"embeddable":true,"href":"http:\/\/www.maritimtkompani.no\/wordpress\/wp-json\/wp\/v2\/comments?post=59"}],"version-history":[{"count":61,"href":"http:\/\/www.maritimtkompani.no\/wordpress\/wp-json\/wp\/v2\/pages\/59\/revisions"}],"predecessor-version":[{"id":4234,"href":"http:\/\/www.maritimtkompani.no\/wordpress\/wp-json\/wp\/v2\/pages\/59\/revisions\/4234"}],"wp:attachment":[{"href":"http:\/\/www.maritimtkompani.no\/wordpress\/wp-json\/wp\/v2\/media?parent=59"}],"curies":[{"name":"wp","href":"https:\/\/api.w.org\/{rel}","templated":true}]}}