{"id":607,"date":"2011-10-12T13:11:28","date_gmt":"2011-10-12T13:11:28","guid":{"rendered":"http:\/\/www.maritimtkompani.no\/wordpress\/?page_id=607"},"modified":"2021-01-22T13:33:57","modified_gmt":"2021-01-22T13:33:57","slug":"seilreperasjoner","status":"publish","type":"page","link":"http:\/\/www.maritimtkompani.no\/wordpress\/tjenester\/seilreperasjoner\/","title":{"rendered":"Seilmakeri"},"content":{"rendered":"\r\n<div class=\"wp-container-1 wp-block-group\">\r\n<div class=\"wp-block-group__inner-container\">\r\n<div class=\"wp-block-columns\">\r\n<div class=\"wp-block-column\" style=\"flex-basis: 100%;\">\r\n<figure class=\"wp-block-gallery aligncenter columns-1 is-cropped\">\r\n<figure><img loading=\"lazy\" width=\"950\" height=\"325\" class=\"wp-image-2780\" src=\"http:\/\/www.maritimtkompani.no\/wordpress\/wp-content\/uploads\/2017\/03\/Symaskin-2017.jpg\" alt=\"\" data-id=\"2780\" srcset=\"http:\/\/www.maritimtkompani.no\/wordpress\/wp-content\/uploads\/2017\/03\/Symaskin-2017.jpg 950w, http:\/\/www.maritimtkompani.no\/wordpress\/wp-content\/uploads\/2017\/03\/Symaskin-2017-300x103.jpg 300w, http:\/\/www.maritimtkompani.no\/wordpress\/wp-content\/uploads\/2017\/03\/Symaskin-2017-768x263.jpg 768w\" sizes=\"(max-width: 950px) 100vw, 950px\" \/><\/figure>\r\n<\/figure>\r\n<\/div>\r\n<\/div>\r\n<p>Maritimt kompani har erfaring p\u00e5 \u00e5 forsterke og reparere seil av alle typer.<\/p>\r\n<p>Alle typer seil har godt \u00e5 komme inn til seilloftet for en sjekk iblant. Ofte kan det v\u00e6re enkle grep for \u00e5 forlenge levetidene p\u00e5 seilene dine.<\/p>\r\n<p>Det er ikke alltid vind som sliter p\u00e5 duken, ofte kan det v\u00e6re at solen har f\u00e5tt t\u00e6ret p\u00e5 s\u00f8m og paneler slik at de ikke t\u00e5ler normalt bruk.<br \/>Ofte er det solskydd som er den viktigeste preventive grepet, med et god UV duk s\u00e5 holder seilene mye lengere.<\/p>\r\n<p>Vi utf\u00f8rer alle reparasjoner p\u00e5 alle typer seil uansett merke.<\/p>\r\n<p>&nbsp;<\/p>\r\n<p>Sjekk av seil \u00a0og Seilreparasjoner<\/p>\r\n<ul>\r\n<li>Demontering og montering av nye detaljer p\u00e5 seil<\/li>\r\n<li>Sleider, bytte leller oppgradering til fullspile sleider.<\/li>\r\n<li>Spilemommer og spilebokser<\/li>\r\n<li>Uv beskyttelse<\/li>\r\n<li>Montering av rev<\/li>\r\n<li>Sy om til rullesystem.<\/li>\r\n<li>Montering av forstagskroker<\/li>\r\n<li>Montere seilnummer<\/li>\r\n<li>Rating m\u00e5ling ORC<\/li>\r\n<li>Montere dekor\/logo i seil<\/li>\r\n<li>Montere genakker eller Code 0\u00a0 til rullesystem<\/li>\r\n<\/ul>\r\n<p>&nbsp;<\/p>\r\n<p>Generell s\u00f8m:<\/p>\r\n<ul>\r\n<li>Reparasjon av sprayhood, erstatte gamle og morken s\u00f8mmer, bytte vindusplast.<\/li>\r\n<li>Reparasjon av kapell og kalesje<\/li>\r\n<li>Reparasjon og tilvirkning av bomtrekk, letrekk, lazybag.<\/li>\r\n<li>Vinterlagring av seil og trekk.<\/li>\r\n<li>Tilvirkning av havne \/ vinterpresenning<\/li>\r\n<li>Produksjon av solseil og spesialtilpassede trekk til hytte,<\/li>\r\n<\/ul>\r\n<p>&nbsp;<\/p>\r\n<p>Montering og demontering av seil p\u00e5 b\u00e5t.<\/p>\r\n<p>Tilstandsrapport av rigg, seil og dekksutrustning.<\/p>\r\n<br \/>\r\n<p>Maritimt kompani er med tillknyttet Ullman sails sin gruppe av seilmakere som er en av de ledende internasjonale seilmakere i verden.<br \/>Ullman Sails tilbyr et bredt spekter av tjenester, inkludert nye seil for racing og cruising, fra joller til multihulls, til maxi-klassen og superyachter.<\/p>\r\n<p>Ingen b\u00e5t er for stor eller for liten.<\/p>\r\n<p>Gjerne kom innom med seilet eller kontakt oss for et pristilbud<\/p>\r\n<\/div>\r\n\t\r\n\t\r\n\t\t\t\t\t\t<form  name= \"wpdevart_frontend_form_5\" id='wpdevart-forms-5' class=\"wpdevart-forms default-skin forms-general-styling\" method='post'  action='' enctype='multipart\/form-data'>\r\n\t\r\n\t\t\t\t\t\t                                            <!--bfh-number -->\r\n                                            <div class=\"wpdevart-input-field \">\r\n                                                 \r\n                                                        <label>Navn<\/label>\r\n                                                        \r\n                                                <div class=\"input-text input-field-inner\">\r\n                                                    \r\n                                                    <input  type=\"text\"  \r\n                                                            id =\"input-field-32\"\r\n                                                            name=\"label_32\"                                                               value=\"\" class=\"form-control  \" \r\n                                                            placeholder=\"\" \r\n                                                             \r\n                                                           \/>\r\n                                                <\/div>\r\n                                            <\/div>\r\n\t\t\t\t\t\t\t\t\t\t                                            <!--bfh-number -->\r\n                                            <div class=\"wpdevart-input-field \">\r\n                                                 \r\n                                                        <label>Telefon<\/label>\r\n                                                        \r\n                                                <div class=\"input-text input-field-inner\">\r\n                                                    \r\n                                                    <input  type=\"text\"  \r\n                                                            id =\"input-field-33\"\r\n                                                            name=\"label_33\"                                                               value=\"\" class=\"form-control  \" \r\n                                                            placeholder=\"\" \r\n                                                             \r\n                                                           \/>\r\n                                                <\/div>\r\n                                            <\/div>\r\n\t\t\t\t\t\t\t\t\t\t                                            <!--bfh-number -->\r\n                                            <div class=\"wpdevart-input-field \">\r\n                                                 \r\n                                                        <label>E-mail<\/label>\r\n                                                        \r\n                                                <div class=\"input-text input-field-inner\">\r\n                                                    \r\n                                                    <input  type=\"text\"  \r\n                                                            id =\"input-field-34\"\r\n                                                            name=\"label_34\"                                                               value=\"\" class=\"form-control  \" \r\n                                                            placeholder=\"\" \r\n                                                             \r\n                                                           \/>\r\n                                                <\/div>\r\n                                            <\/div>\r\n\t\t\t\t\t\t\t\t\t\t                                            <!--bfh-number -->\r\n                                            <div class=\"wpdevart-input-field \">\r\n                                                 \r\n                                                        <label>B\u00e5ttype\/modell<\/label>\r\n                                                        \r\n                                                <div class=\"input-text input-field-inner\">\r\n                                                    \r\n                                                    <input  type=\"text\"  \r\n                                                            id =\"input-field-35\"\r\n                                                            name=\"label_35\"                                                               value=\"\" class=\"form-control  \" \r\n                                                            placeholder=\"\" \r\n                                                             \r\n                                                           \/>\r\n                                                <\/div>\r\n                                            <\/div>\r\n\t\t\t\t\t\t\t\t\t\t                                            <!--bfh-number -->\r\n                                            <div class=\"wpdevart-input-field \">\r\n                                                 \r\n                                                        <label>Oppdraget gjelder<\/label>\r\n                                                        \r\n                                                <div class=\"input-text input-field-inner\">\r\n                                                    \r\n                                                    <input  type=\"text\"  \r\n                                                            id =\"input-field-36\"\r\n                                                            name=\"label_36\"                                                               value=\"\" class=\"form-control  \" \r\n                                                            placeholder=\"\" \r\n                                                             \r\n                                                           \/>\r\n                                                <\/div>\r\n                                            <\/div>\r\n\t\t\t\t\t\t\t\t\t\t\t\r\n   \r\n                   \r\n\t\t\t\t\t   \t\t\t\t\t\t<input type=\"hidden\" name=\"form_id\" value=\"5\" \/>  \r\n\t\t\t\t\t\t<!--<input type=\"submit\" value='Send' id=\"btn_send_form_email_5\" name=\"btn_send_form_email\" \/>-->\r\n\t\t\t\t\t\t<button type=\"submit\" name=\"btn_send_form_email\" id=\"btn_send_form_email_5\" >Send<\/button>\r\n\t\t\t\t\t\t\t\r\n\t\t\t\t\t  <span id=\"loader-icon-5\" style=\"display:none;\" class=\"form-loader\">\r\n\t\t\t\t\t\t<img src=\"http:\/\/www.maritimtkompani.no\/wordpress\/wp-content\/plugins\/contact-forms-builder\/\/assets\/images\/loader.gif\" \/>\r\n\t\t\t\t\t  <\/span>\r\n\t\r\n\t\t\t\t   <\/form>\r\n\t\r\n\t\t\t\t\t\t<div id=\"frontend_form_messages_5\" style=\"margin-top:10px; margin-bottom:10px;\"><\/div>\r\n\t\r\n\t\t\t\t   <script>\r\n\t\r\n\t\t\t\t\t\/\/ Document\r\n\t\t\t\t\tjQuery( document ).ready(function() {\r\n\t\t\t\t\t\t\/\/\tDon't submit form on enter, allow enter button only for texts\r\n\t\t\t\t\t\tjQuery(document).on(\"keypress\", \":input:not(textarea)\", function(event) {\r\n\t\t\t\t\t\t\treturn event.keyCode != 13;\r\n\t\t\t\t\t\t});\r\n\t\r\n\t\t\t\t\t\t\/\/ Do not use previous password saved in broswer for passowrd field\r\n\t\t\t\t\t\tjQuery(\"input[type='password']\").attr(\"autocomplete\", \"new-password\");\r\n\t\r\n\t\t\t\t\t\t\/\/handle form submission\r\n\t\t\t\t\t\t\/\/jQuery(\"form[name='wpdevart_frontend_form_5']\").submit(function(e){\r\n\t\t\t\t\t\tjQuery(document).on(\"submit\", \"form[name='wpdevart_frontend_form_5']\", function(e) {\r\n\t\t\t\t\t\t\t\/\/shortcode attributes e.g\r\n\t\t\t\t\t\t\tvar atts = {\"id\":\"5\"};\r\n\t\t\t\t\t\t\tvar options = { \r\n\t\t\t\t\t\t\t\t\/\/target:'#frontend_form_messages_5',   \/\/ target element(s) to be updated with server response \r\n\t\t\t\t\t\t\t\t\/\/ other available options: \r\n\t\t\t\t\t\t\t\t url:\"http:\/\/www.maritimtkompani.no\/wordpress\/wp-admin\/admin-ajax.php\",        \/\/ override for form's 'action' attribute \r\n\t\t\t\t\t\t\t\t\/\/url:\"http:\/\/www.maritimtkompani.no\/wordpress\/wp-content\/plugins\/contact-forms-builder\/check-ajax.php\",\r\n\t\t\t\t\t\t\t\tdata:{'btn_send_form_email':'1','process_ajax':'1','atts':JSON.stringify(atts),'action':'get_post_information'},\r\n\t\t\t\t\t\t\t\t\/\/type:      type        \/\/ 'get' or 'post', override for form's 'method' attribute \r\n\t\t\t\t\t\t\t\t\/\/dataType:  null        \/\/ 'xml', 'script', or 'json' (expected server response type) \r\n\t\t\t\t\t\t\t\t\/\/clearForm: true ,       \/\/ clear all form fields after successful submit \r\n\t\t\t\t\t\t\t\t\/\/resetForm: true  ,      \/\/ reset the form after successful submit \r\n\t\r\n\t\t\t\t\t\t\t\t\/\/ $.ajax options can be used here too, for example: \r\n\t\t\t\t\t\t\t\t\/\/timeout:   3000 \r\n\t\r\n\t\t\t\t\t\t\t\tbeforeSubmit: function() {\r\n\t\t\t\t\t\t\t\t\tjQuery(\"#loader-icon-5\").show();\r\n\t\t\t\t\t\t\t\t},\r\n\t\t\t\t\t\t\t\tsuccess:showResponse, \/\/ post-submit callback \r\n\t\t\t\t\t\t\t }; \r\n\t\r\n\t\t\t\t\t\t\t\/\/ inside event callbacks 'this' is the DOM element so we first \r\n\t\t\t\t\t\t\t\/\/ wrap it in a jQuery object and then invoke ajaxSubmit \r\n\t\t\t\t\t\t\tjQuery(this).ajaxSubmit(options); \r\n\t\r\n\t\t\t\t\t\t\t\/\/ !!! Important !!! \r\n\t\t\t\t\t\t\t\/\/ always return false to prevent standard browser submit and page navigation \r\n\t\t\t\t\t\t\treturn false; \r\n\t\t\t\t\t\t}); \r\n\t\r\n\t\r\n\t\t\t\t\t\tfunction showResponse(responseText, statusText, xhr, $form) {\r\n\t\t\t\t\t\t\tstr = responseText;\r\n\t\t\t\t\t\t\t\/\/replace first occurence \r\n\t\t\t\t\t\t\tstr = str.replace(\"successmsg_\", \" \"); \r\n\t\t\t\t\t\t\t\/\/ append response\r\n\t\r\n\t\t\t\t\t\t\tjQuery(\"#frontend_form_messages_5\").text(\" \");\r\n\t\t\t\t\t\t\tjQuery(\"#frontend_form_messages_5\").append(str);\r\n\t\t\t\t\t\t\tsetTimeout(function(){ \r\n\t\t\t\t\t\t\t\t\/\/jQuery(\"#frontend_form_messages_5 .success_message5\").fadeout(); \r\n\t\t\t\t\t\t\t\tjQuery(\"#frontend_form_messages_5 .success_message\").fadeOut();\r\n\t\t\t\t\t\t\t}, 5000);\r\n\t\r\n\t\t\t\t\t\t\t\/\/\tresponseText  , updates the div in target specified in options\r\n\t\t\t\t\t\t\tjQuery(\"#loader-icon-5\").hide();\r\n\t\r\n\t\t\t\t\t\t\tvar matched = responseText.search('successmsg_');\r\n\t\t\t\t\t\t\tif(matched != -1) {\r\n\t\r\n\t\t\t\t\t\t\t\tvar formId = \"5\";\r\n\t\t\t\t\t\t\t\t\r\n\t\r\n\t\t\t\t\t\t\t\tsetTimeout(function(){\r\n\t\t\t\t\t\t\t\t\t\t jQuery('#wpdevart-forms-5')[0].reset(); \r\n\t\t\t\t\t\t\t\t\t\t jQuery(\"#wpdevart-forms-\"+formId).each(function() {\r\n\t\t\t\t\t\t\t\t\t\t\t\r\n\t\t\t\t\t\t\t\t\t\t\t\r\n\t\t\t\t\t\t\t\t\t\t});\r\n\t\t\t\t\t\t\t\t },100);\r\n\t\t\t\t\t\t\t }\r\n\t\r\n\t\t\t\t\t\treturn false;\r\n\t\r\n\t\t\t\t\t\t}\r\n\t\t\t\t\t\tfunction showRequest() {\r\n\t\t\t\t\t\t\treturn false;\r\n\t\t\t\t\t\t}\r\n\t\r\n\t\t\t\t\t\tjQuery(document).on(\"click\",\"[type=reset].ws-reset-form\",function(e){\r\n\t\t\t\t\t\t\tformId= jQuery(this).attr('data-attr');\r\n\t\t\t\t\t\t\t\/\/reset\r\n\t\t\t\t\t\t\tjQuery(\"#wpdevart-forms-\"+formId).each(function(){\r\n\t\t\t\t\t\t\t\t\r\n\t\t\t\t\t\t\t\t\t\r\n\t\t\t\t\t\t\t\t\tjQuery(\"#wpdevart-forms-\"+formId)[0].reset();\r\n\t\t\t\t\t\t\t\t});\r\n\t\r\n\t\t\t\t\t\t\treturn false;\r\n\t\r\n\t\t\t\t\t\t});\r\n\t\t\t\t\t});\r\n\t\r\n\t\t\t\t\t<\/script>\r\n\t\t\t\t\r\n<\/div>\r\n","protected":false},"excerpt":{"rendered":"<p>Maritimt kompani har erfaring p\u00e5 \u00e5 forsterke og reparere seil av alle typer. Alle typer seil har godt \u00e5 komme inn til seilloftet for en sjekk iblant. Ofte kan det v\u00e6re enkle grep for \u00e5 forlenge levetidene p\u00e5 seilene dine. Det er ikke alltid vind som sliter p\u00e5 duken, ofte kan det v\u00e6re at solen har f\u00e5tt t\u00e6ret p\u00e5 s\u00f8m og paneler slik at de ikke t\u00e5ler normalt bruk.Ofte er det solskydd som er den viktigeste preventive grepet, med et god UV duk s\u00e5 holder seilene mye lengere. Vi utf\u00f8rer alle reparasjoner p\u00e5 alle typer seil uansett merke. &nbsp; Sjekk&#8230; <\/p>\n","protected":false},"author":2,"featured_media":2780,"parent":18,"menu_order":2,"comment_status":"closed","ping_status":"open","template":"","meta":{"_monsterinsights_skip_tracking":false,"_monsterinsights_sitenote_active":false,"_monsterinsights_sitenote_note":"","_monsterinsights_sitenote_category":0},"_links":{"self":[{"href":"http:\/\/www.maritimtkompani.no\/wordpress\/wp-json\/wp\/v2\/pages\/607"}],"collection":[{"href":"http:\/\/www.maritimtkompani.no\/wordpress\/wp-json\/wp\/v2\/pages"}],"about":[{"href":"http:\/\/www.maritimtkompani.no\/wordpress\/wp-json\/wp\/v2\/types\/page"}],"author":[{"embeddable":true,"href":"http:\/\/www.maritimtkompani.no\/wordpress\/wp-json\/wp\/v2\/users\/2"}],"replies":[{"embeddable":true,"href":"http:\/\/www.maritimtkompani.no\/wordpress\/wp-json\/wp\/v2\/comments?post=607"}],"version-history":[{"count":35,"href":"http:\/\/www.maritimtkompani.no\/wordpress\/wp-json\/wp\/v2\/pages\/607\/revisions"}],"predecessor-version":[{"id":4432,"href":"http:\/\/www.maritimtkompani.no\/wordpress\/wp-json\/wp\/v2\/pages\/607\/revisions\/4432"}],"up":[{"embeddable":true,"href":"http:\/\/www.maritimtkompani.no\/wordpress\/wp-json\/wp\/v2\/pages\/18"}],"wp:featuredmedia":[{"embeddable":true,"href":"http:\/\/www.maritimtkompani.no\/wordpress\/wp-json\/wp\/v2\/media\/2780"}],"wp:attachment":[{"href":"http:\/\/www.maritimtkompani.no\/wordpress\/wp-json\/wp\/v2\/media?parent=607"}],"curies":[{"name":"wp","href":"https:\/\/api.w.org\/{rel}","templated":true}]}}