{"id":63,"date":"2011-02-22T08:10:30","date_gmt":"2011-02-22T08:10:30","guid":{"rendered":"http:\/\/www.maritimtkompani.no\/"},"modified":"2017-03-06T21:19:22","modified_gmt":"2017-03-06T21:19:22","slug":"terminering","status":"publish","type":"page","link":"http:\/\/www.maritimtkompani.no\/wordpress\/rigg\/terminering\/","title":{"rendered":"Riggverksted"},"content":{"rendered":"<table class=\"alignleft\" style=\"height: 200px; width: 900px;\" border=\"0\" align=\"left\">\n<caption><a href=\"http:\/\/www.maritimtkompani.no\/wordpress\/wp-content\/uploads\/2011\/02\/presse-900X200.jpg\"><img loading=\"lazy\" class=\"aligncenter size-full wp-image-589\" title=\"presse-900X200\" src=\"http:\/\/www.maritimtkompani.no\/wordpress\/wp-content\/uploads\/2011\/02\/presse-900X200.jpg\" alt=\"\" width=\"900\" height=\"200\" srcset=\"http:\/\/www.maritimtkompani.no\/wordpress\/wp-content\/uploads\/2011\/02\/presse-900X200.jpg 900w, http:\/\/www.maritimtkompani.no\/wordpress\/wp-content\/uploads\/2011\/02\/presse-900X200-300x66.jpg 300w\" sizes=\"(max-width: 900px) 100vw, 900px\" \/><\/a><\/caption>\n<tbody>\n<tr>\n<td scope=\"col\" align=\"left\" valign=\"top\">\n<div>Valsepressing\/ terminering av st\u00e5ende rigg \/ riggwire, \u00d8 2 &#8211; 16 mm.<\/div>\n<div><\/div>\n<div style=\"text-align: justify;\"><\/div>\n<div>Dette f\u00e5r du utf\u00f8rt p\u00e5 riggverkstedet;<\/div>\n<div><\/div>\n<div style=\"text-align: -webkit-center;\">\n<ul>\n<li style=\"text-align: left;\">Riggsjekk, med &laquo;punktliste&raquo;<\/li>\n<li style=\"text-align: left;\">M\u00e5ling av spennning i rigg<\/li>\n<li style=\"text-align: left;\">Utskifting av terminaler og wire<\/li>\n<li style=\"text-align: left;\">Tilpassing av gamle og nye rullesystem<\/li>\n<li style=\"text-align: left;\">Akterstagsystemer<\/li>\n<li style=\"text-align: left;\">Rekkewire og \u00e5pning i rekke<\/li>\n<li style=\"text-align: left;\">Styrewire til ror<\/li>\n<\/ul>\n<\/div>\n<\/td>\n<\/tr>\n<\/tbody>\n<\/table>\n<p>&nbsp;<\/p>\n","protected":false},"excerpt":{"rendered":"<p>Valsepressing\/ terminering av st\u00e5ende rigg \/ riggwire, \u00d8 2 &#8211; 16 mm. Dette f\u00e5r du utf\u00f8rt p\u00e5 riggverkstedet; Riggsjekk, med &laquo;punktliste&raquo; M\u00e5ling av spennning i rigg Utskifting av terminaler og wire Tilpassing av gamle og nye rullesystem Akterstagsystemer Rekkewire og \u00e5pning i rekke Styrewire til ror &nbsp;<\/p>\n","protected":false},"author":2,"featured_media":0,"parent":6,"menu_order":1,"comment_status":"closed","ping_status":"closed","template":"","meta":{"_monsterinsights_skip_tracking":false,"_monsterinsights_sitenote_active":false,"_monsterinsights_sitenote_note":"","_monsterinsights_sitenote_category":0},"_links":{"self":[{"href":"http:\/\/www.maritimtkompani.no\/wordpress\/wp-json\/wp\/v2\/pages\/63"}],"collection":[{"href":"http:\/\/www.maritimtkompani.no\/wordpress\/wp-json\/wp\/v2\/pages"}],"about":[{"href":"http:\/\/www.maritimtkompani.no\/wordpress\/wp-json\/wp\/v2\/types\/page"}],"author":[{"embeddable":true,"href":"http:\/\/www.maritimtkompani.no\/wordpress\/wp-json\/wp\/v2\/users\/2"}],"replies":[{"embeddable":true,"href":"http:\/\/www.maritimtkompani.no\/wordpress\/wp-json\/wp\/v2\/comments?post=63"}],"version-history":[{"count":16,"href":"http:\/\/www.maritimtkompani.no\/wordpress\/wp-json\/wp\/v2\/pages\/63\/revisions"}],"predecessor-version":[{"id":2712,"href":"http:\/\/www.maritimtkompani.no\/wordpress\/wp-json\/wp\/v2\/pages\/63\/revisions\/2712"}],"up":[{"embeddable":true,"href":"http:\/\/www.maritimtkompani.no\/wordpress\/wp-json\/wp\/v2\/pages\/6"}],"wp:attachment":[{"href":"http:\/\/www.maritimtkompani.no\/wordpress\/wp-json\/wp\/v2\/media?parent=63"}],"curies":[{"name":"wp","href":"https:\/\/api.w.org\/{rel}","templated":true}]}}