{"id":82,"date":"2011-02-22T08:26:09","date_gmt":"2011-02-22T08:26:09","guid":{"rendered":"http:\/\/www.maritimtkompani.no\/"},"modified":"2013-01-08T16:23:36","modified_gmt":"2013-01-08T16:23:36","slug":"interioer","status":"publish","type":"page","link":"http:\/\/www.maritimtkompani.no\/wordpress\/arkitektur\/interioer\/","title":{"rendered":"Interi\u00f8r"},"content":{"rendered":"<p>[vc_single_image image=&raquo;1717&#8243; img_size=&raquo;600&#8243; img_link_target=&raquo;_self&raquo; width=&raquo;1\/1&#8243; el_position=&raquo;first last&raquo;] [vc_column_text width=&raquo;1\/1&#8243; el_position=&raquo;first last&raquo;]<\/p>\n<p>MK design er et konsept der vi jobber kreativt med seilduk og wire p\u00e5 land. Utforming og bruksomr\u00e5der for kompositter, membraner og ulike wireoppheng er ubegrenset.<\/p>\n<p>V\u00e5re produkter finnes i kontorlokaler, offentlige byggninger, kj\u00f8pesenter, parkeringshus og hoteller.<\/p>\n<p>[\/vc_column_text]<\/p>\n","protected":false},"excerpt":{"rendered":"<p>[vc_single_image image=&raquo;1717&#8243; img_size=&raquo;600&#8243; img_link_target=&raquo;_self&raquo; width=&raquo;1\/1&#8243; el_position=&raquo;first last&raquo;] [vc_column_text width=&raquo;1\/1&#8243; el_position=&raquo;first last&raquo;] MK design er et konsept der vi jobber kreativt med seilduk og wire p\u00e5 land. Utforming og bruksomr\u00e5der for kompositter, membraner og ulike wireoppheng er ubegrenset. V\u00e5re produkter finnes i kontorlokaler, offentlige byggninger, kj\u00f8pesenter, parkeringshus og hoteller. [\/vc_column_text]<\/p>\n","protected":false},"author":1,"featured_media":0,"parent":10,"menu_order":2,"comment_status":"closed","ping_status":"open","template":"page-category.php","meta":{"_monsterinsights_skip_tracking":false,"_monsterinsights_sitenote_active":false,"_monsterinsights_sitenote_note":"","_monsterinsights_sitenote_category":0},"_links":{"self":[{"href":"http:\/\/www.maritimtkompani.no\/wordpress\/wp-json\/wp\/v2\/pages\/82"}],"collection":[{"href":"http:\/\/www.maritimtkompani.no\/wordpress\/wp-json\/wp\/v2\/pages"}],"about":[{"href":"http:\/\/www.maritimtkompani.no\/wordpress\/wp-json\/wp\/v2\/types\/page"}],"author":[{"embeddable":true,"href":"http:\/\/www.maritimtkompani.no\/wordpress\/wp-json\/wp\/v2\/users\/1"}],"replies":[{"embeddable":true,"href":"http:\/\/www.maritimtkompani.no\/wordpress\/wp-json\/wp\/v2\/comments?post=82"}],"version-history":[{"count":13,"href":"http:\/\/www.maritimtkompani.no\/wordpress\/wp-json\/wp\/v2\/pages\/82\/revisions"}],"predecessor-version":[{"id":1720,"href":"http:\/\/www.maritimtkompani.no\/wordpress\/wp-json\/wp\/v2\/pages\/82\/revisions\/1720"}],"up":[{"embeddable":true,"href":"http:\/\/www.maritimtkompani.no\/wordpress\/wp-json\/wp\/v2\/pages\/10"}],"wp:attachment":[{"href":"http:\/\/www.maritimtkompani.no\/wordpress\/wp-json\/wp\/v2\/media?parent=82"}],"curies":[{"name":"wp","href":"https:\/\/api.w.org\/{rel}","templated":true}]}}